{"id":83,"date":"2019-07-21T13:21:29","date_gmt":"2019-07-21T12:21:29","guid":{"rendered":"http:\/\/gourmetsenap.se\/shop\/?post_type=product&#038;p=83"},"modified":"2025-12-27T16:10:44","modified_gmt":"2025-12-27T15:10:44","slug":"strutssalva-vikbolandsstruts","status":"publish","type":"product","link":"https:\/\/gourmetsenap.se\/shop\/product\/strutssalva-vikbolandsstruts\/","title":{"rendered":"Strutssalva"},"content":{"rendered":"<p>Fet salva som \u00e4r mjukg\u00f6rande f\u00f6r torr hud och bra mot sj\u00e4lvsprickor, psoreasis och stressad hud som \u00e4r torr (eksem).<\/p>\n<p>Inneh\u00e5ller:50 ml<\/p>\n<p>Strutsolja, Bivax, Ullfett, A och E-vitaminer, Lavendel.<\/p>\n<p><em>Strutssalvan \u00e4r registrerad p\u00e5 l\u00e4kemedelsverket<\/em><\/p>\n","protected":false},"excerpt":{"rendered":"<p><strong>Strutssalva fr\u00e5n Vikbolandet-bra f\u00f6r din torra hud<\/strong><\/p>\n","protected":false},"featured_media":84,"comment_status":"open","ping_status":"closed","template":"","meta":[],"product_brand":[],"product_cat":[22],"product_tag":[],"class_list":{"0":"post-83","1":"product","2":"type-product","3":"status-publish","4":"has-post-thumbnail","6":"product_cat-narproducerat","8":"first","9":"outofstock","10":"taxable","11":"shipping-taxable","12":"purchasable","13":"product-type-simple"},"jetpack_sharing_enabled":true,"_links":{"self":[{"href":"https:\/\/gourmetsenap.se\/shop\/wp-json\/wp\/v2\/product\/83","targetHints":{"allow":["GET"]}}],"collection":[{"href":"https:\/\/gourmetsenap.se\/shop\/wp-json\/wp\/v2\/product"}],"about":[{"href":"https:\/\/gourmetsenap.se\/shop\/wp-json\/wp\/v2\/types\/product"}],"replies":[{"embeddable":true,"href":"https:\/\/gourmetsenap.se\/shop\/wp-json\/wp\/v2\/comments?post=83"}],"wp:featuredmedia":[{"embeddable":true,"href":"https:\/\/gourmetsenap.se\/shop\/wp-json\/wp\/v2\/media\/84"}],"wp:attachment":[{"href":"https:\/\/gourmetsenap.se\/shop\/wp-json\/wp\/v2\/media?parent=83"}],"wp:term":[{"taxonomy":"product_brand","embeddable":true,"href":"https:\/\/gourmetsenap.se\/shop\/wp-json\/wp\/v2\/product_brand?post=83"},{"taxonomy":"product_cat","embeddable":true,"href":"https:\/\/gourmetsenap.se\/shop\/wp-json\/wp\/v2\/product_cat?post=83"},{"taxonomy":"product_tag","embeddable":true,"href":"https:\/\/gourmetsenap.se\/shop\/wp-json\/wp\/v2\/product_tag?post=83"}],"curies":[{"name":"wp","href":"https:\/\/api.w.org\/{rel}","templated":true}]}}