{"id":81,"date":"2019-07-21T13:17:22","date_gmt":"2019-07-21T12:17:22","guid":{"rendered":"http:\/\/gourmetsenap.se\/shop\/?post_type=product&#038;p=81"},"modified":"2025-12-27T16:05:44","modified_gmt":"2025-12-27T15:05:44","slug":"strutsbalsam","status":"publish","type":"product","link":"https:\/\/gourmetsenap.se\/shop\/product\/strutsbalsam\/","title":{"rendered":"Strutsbalsam"},"content":{"rendered":"<p><img data-recalc-dims=\"1\" loading=\"lazy\" decoding=\"async\" class=\"size-medium wp-image-82 alignleft\" src=\"https:\/\/i0.wp.com\/media.gourmetsenap.se\/2019\/07\/Strutsbalsam.jpg?resize=248%2C300\" alt=\"\" width=\"248\" height=\"300\" srcset=\"https:\/\/i0.wp.com\/media.gourmetsenap.se\/2019\/07\/Strutsbalsam.jpg?resize=248%2C300&amp;ssl=1 248w, https:\/\/i0.wp.com\/media.gourmetsenap.se\/2019\/07\/Strutsbalsam.jpg?resize=416%2C503&amp;ssl=1 416w, https:\/\/i0.wp.com\/media.gourmetsenap.se\/2019\/07\/Strutsbalsam.jpg?resize=324%2C392&amp;ssl=1 324w, https:\/\/i0.wp.com\/media.gourmetsenap.se\/2019\/07\/Strutsbalsam.jpg?w=536&amp;ssl=1 536w\" sizes=\"auto, (max-width: 248px) 100vw, 248px\" \/>Muskelstimulerande liniment. Ej uttorkande. Bra mot tr\u00f6tta och sp\u00e4nda muskler. L\u00e4mplig att anv\u00e4nda vid massage. \u00d6kar blodcirkulationen.<\/p>\n<p>Inneh\u00e5ller:<\/p>\n<p>Strutsolja, Bivax, Arnicaolja, Eukalyptus, Kajaput, Mentol, Pepparmynta, Rosmarin, Kanel, A- och E-vitamin.<\/p>\n","protected":false},"excerpt":{"rendered":"<p><strong>Strutsbalsam fr\u00e5n Vikbolandet.Bra f\u00f6r dina \u00f6mmande muskler!<\/strong><\/p>\n","protected":false},"featured_media":82,"comment_status":"open","ping_status":"closed","template":"","meta":[],"product_brand":[],"product_cat":[22],"product_tag":[],"class_list":{"0":"post-81","1":"product","2":"type-product","3":"status-publish","4":"has-post-thumbnail","6":"product_cat-narproducerat","8":"first","9":"outofstock","10":"taxable","11":"shipping-taxable","12":"purchasable","13":"product-type-simple"},"jetpack_sharing_enabled":true,"_links":{"self":[{"href":"https:\/\/gourmetsenap.se\/shop\/wp-json\/wp\/v2\/product\/81","targetHints":{"allow":["GET"]}}],"collection":[{"href":"https:\/\/gourmetsenap.se\/shop\/wp-json\/wp\/v2\/product"}],"about":[{"href":"https:\/\/gourmetsenap.se\/shop\/wp-json\/wp\/v2\/types\/product"}],"replies":[{"embeddable":true,"href":"https:\/\/gourmetsenap.se\/shop\/wp-json\/wp\/v2\/comments?post=81"}],"wp:featuredmedia":[{"embeddable":true,"href":"https:\/\/gourmetsenap.se\/shop\/wp-json\/wp\/v2\/media\/82"}],"wp:attachment":[{"href":"https:\/\/gourmetsenap.se\/shop\/wp-json\/wp\/v2\/media?parent=81"}],"wp:term":[{"taxonomy":"product_brand","embeddable":true,"href":"https:\/\/gourmetsenap.se\/shop\/wp-json\/wp\/v2\/product_brand?post=81"},{"taxonomy":"product_cat","embeddable":true,"href":"https:\/\/gourmetsenap.se\/shop\/wp-json\/wp\/v2\/product_cat?post=81"},{"taxonomy":"product_tag","embeddable":true,"href":"https:\/\/gourmetsenap.se\/shop\/wp-json\/wp\/v2\/product_tag?post=81"}],"curies":[{"name":"wp","href":"https:\/\/api.w.org\/{rel}","templated":true}]}}