{"id":362,"date":"2019-11-04T13:20:02","date_gmt":"2019-11-04T12:20:02","guid":{"rendered":"https:\/\/gourmetsenap.se\/shop\/?post_type=product&#038;p=362"},"modified":"2026-02-18T19:48:50","modified_gmt":"2026-02-18T18:48:50","slug":"hjortron-och-applen","status":"publish","type":"product","link":"https:\/\/gourmetsenap.se\/shop\/product\/hjortron-och-applen\/","title":{"rendered":"Hjortron- och \u00e4ppelsenap"},"content":{"rendered":"<p><em>Glutenfri!Laktosfri!\u00a0 \u00a0<\/em><br \/>\n<strong>H\u00e5llbarhet:<br \/>\n<\/strong>Minst 18 m\u00e5nader i o\u00f6ppnad f\u00f6rpackning .\u00d6ppnad burk hanteras som kylvara!<br \/>\nVinner p\u00e5 Lagring .<strong><br \/>\n<\/strong><strong>Ingredienser:<br \/>\n<\/strong><em>Vatten, <strong>SENAPSFR\u00d6N, <\/strong>gula och bruna, Hjortron,\u00c4pplen,Honung, socker, \u00e4ttika, salt, kryddor<br \/>\n<\/em><strong>N\u00e4ringsv\u00e4rde per100 g :<br \/>\n<\/strong>Energi <em>240 kj \/ 33,2 kcal\u00a0 \u00a0 \u00a0 \u00a0 \u00a0 \u00a0 \u00a0 \u00a0 \u00a0 \u00a0 \u00a0 \u00a0 \u00a0 \u00a0 \u00a0 \u00a0 \u00a0 \u00a0 \u00a0 \u00a0 \u00a0 \u00a0 \u00a0 \u00a0 \u00a0 \u00a0 \u00a0 \u00a0 \u00a0 \u00a0 \u00a0 \u00a0 \u00a0 \u00a0 \u00a0 \u00a0 \u00a0 \u00a0 \u00a0 \u00a0 \u00a0 \u00a0 \u00a0 \u00a0 \u00a0 \u00a0 \u00a0 \u00a0 \u00a0 \u00a0 \u00a0 \u00a0 \u00a0 \u00a0 \u00a0 \u00a0 \u00a0 \u00a0 \u00a0 \u00a0 \u00a0 \u00a0 \u00a0 \u00a0 \u00a0 \u00a0 \u00a0 \u00a0 \u00a0 \u00a0 \u00a0 \u00a0 \u00a0 \u00a0 \u00a0 \u00a0 \u00a0 \u00a0 \u00a0 \u00a0 \u00a0 \u00a0 \u00a0 \u00a0 \u00a0 Protein 5,4 g.<br \/>\nFett 12,6 g, varav m\u00e4ttade fettsyror 1,5 g\u00a0 \u00a0 \u00a0 \u00a0 \u00a0 \u00a0 \u00a0 \u00a0 \u00a0 \u00a0 \u00a0 \u00a0 \u00a0 \u00a0 \u00a0 \u00a0 \u00a0 \u00a0 \u00a0 \u00a0 \u00a0 \u00a0 \u00a0 \u00a0 \u00a0 \u00a0 \u00a0 \u00a0 \u00a0 \u00a0 \u00a0 \u00a0 \u00a0 \u00a0 \u00a0 \u00a0 \u00a0 \u00a0 \u00a0 \u00a0 \u00a0 \u00a0 \u00a0 \u00a0 \u00a0 \u00a0 \u00a0 \u00a0 \u00a0 \u00a0 \u00a0 \u00a0 \u00a0 \u00a0 \u00a0 \u00a0 \u00a0 \u00a0 \u00a0 \u00a0 \u00a0 \u00a0 \u00a0 \u00a0 \u00a0 \u00a0 \u00a0 \u00a0 \u00a0 Kolhydrater 25,5 g varav Sockerarter 8,8 g<\/em><\/p>\n","protected":false},"excerpt":{"rendered":"<p><strong>Gourmetsenap med hjortron och \u00e4pplen.<br \/>\nNorr och s\u00f6der i en h\u00e4rlig symbios &#8211; mild och frisk !<br \/>\nP<\/strong><strong>rova i renskav!<\/strong><\/p>\n","protected":false},"featured_media":1750,"comment_status":"open","ping_status":"closed","template":"","meta":[],"product_brand":[],"product_cat":[19,20,31,22],"product_tag":[],"class_list":{"0":"post-362","1":"product","2":"type-product","3":"status-publish","4":"has-post-thumbnail","6":"product_cat-egna-produkter","7":"product_cat-gourmetsenap","8":"product_cat-narodlat","9":"product_cat-narproducerat","11":"first","12":"outofstock","13":"taxable","14":"shipping-taxable","15":"purchasable","16":"product-type-simple"},"jetpack_sharing_enabled":true,"_links":{"self":[{"href":"https:\/\/gourmetsenap.se\/shop\/wp-json\/wp\/v2\/product\/362","targetHints":{"allow":["GET"]}}],"collection":[{"href":"https:\/\/gourmetsenap.se\/shop\/wp-json\/wp\/v2\/product"}],"about":[{"href":"https:\/\/gourmetsenap.se\/shop\/wp-json\/wp\/v2\/types\/product"}],"replies":[{"embeddable":true,"href":"https:\/\/gourmetsenap.se\/shop\/wp-json\/wp\/v2\/comments?post=362"}],"wp:featuredmedia":[{"embeddable":true,"href":"https:\/\/gourmetsenap.se\/shop\/wp-json\/wp\/v2\/media\/1750"}],"wp:attachment":[{"href":"https:\/\/gourmetsenap.se\/shop\/wp-json\/wp\/v2\/media?parent=362"}],"wp:term":[{"taxonomy":"product_brand","embeddable":true,"href":"https:\/\/gourmetsenap.se\/shop\/wp-json\/wp\/v2\/product_brand?post=362"},{"taxonomy":"product_cat","embeddable":true,"href":"https:\/\/gourmetsenap.se\/shop\/wp-json\/wp\/v2\/product_cat?post=362"},{"taxonomy":"product_tag","embeddable":true,"href":"https:\/\/gourmetsenap.se\/shop\/wp-json\/wp\/v2\/product_tag?post=362"}],"curies":[{"name":"wp","href":"https:\/\/api.w.org\/{rel}","templated":true}]}}