{"id":337,"date":"2019-11-04T09:00:05","date_gmt":"2019-11-04T08:00:05","guid":{"rendered":"http:\/\/gourmetsenap.se\/shop\/?post_type=product&#038;p=337"},"modified":"2024-10-27T20:11:47","modified_gmt":"2024-10-27T19:11:47","slug":"ostgota-honungssenap","status":"publish","type":"product","link":"https:\/\/gourmetsenap.se\/shop\/product\/ostgota-honungssenap\/","title":{"rendered":"\u00d6stg\u00f6ta Honungssenap"},"content":{"rendered":"<p><em>Glutenfri!\u00a0 Laktosfri!\u00a0 \u00a0 \u00a0<\/em><br \/>\n<strong>H\u00e5llbarhet:<\/strong> <em>Minst 18 m\u00e5nader i o\u00f6ppnad f\u00f6rpackning .\u00d6ppnad burk hanteras som kylvara.\u00a0 \u00a0<\/em>\u00a0 \u00a0 <strong>Ingredienser<\/strong>:<em>Vatten<\/em>,<strong>SENAPSFR\u00d6<\/strong>, <em>gula och bruna, honung, \u00e4ttika, socker ,salt<\/em><br \/>\n<strong>N\u00e4ringsv\u00e4rde per 100 g:<\/strong><br \/>\n<em>Energi Kj 962\/Kcal 235<\/em><br \/>\n<em>Fett 4,25 g varav m\u00e4ttat 0,2g<\/em><br \/>\n<em>Kolhydrater 40,9g varav sockerarter 35,9 g<\/em><br \/>\n<em>Proteiner 4,7 g<\/em><br \/>\n<em>Salt\u00a0 2,3 g<\/em><\/p>\n","protected":false},"excerpt":{"rendered":"<p>N\u00e4rproducerad med lokala r\u00e5varor.Senap och Honung fr\u00e5n \u00d6sterg\u00f6tland.<br \/>\nPerfekt till gravlax\/s\u00e5s, majon\u00e4s och dressingar. Sl\u00e4t, mild och s\u00f6t.<\/p>\n<p>&nbsp;<\/p>\n","protected":false},"featured_media":1988,"comment_status":"open","ping_status":"closed","template":"","meta":[],"product_brand":[],"product_cat":[19,20,31,22],"product_tag":[30],"class_list":{"0":"post-337","1":"product","2":"type-product","3":"status-publish","4":"has-post-thumbnail","6":"product_cat-egna-produkter","7":"product_cat-gourmetsenap","8":"product_cat-narodlat","9":"product_cat-narproducerat","10":"product_tag-gourmetsenap","12":"first","13":"instock","14":"taxable","15":"shipping-taxable","16":"purchasable","17":"product-type-simple"},"jetpack_sharing_enabled":true,"_links":{"self":[{"href":"https:\/\/gourmetsenap.se\/shop\/wp-json\/wp\/v2\/product\/337","targetHints":{"allow":["GET"]}}],"collection":[{"href":"https:\/\/gourmetsenap.se\/shop\/wp-json\/wp\/v2\/product"}],"about":[{"href":"https:\/\/gourmetsenap.se\/shop\/wp-json\/wp\/v2\/types\/product"}],"replies":[{"embeddable":true,"href":"https:\/\/gourmetsenap.se\/shop\/wp-json\/wp\/v2\/comments?post=337"}],"wp:featuredmedia":[{"embeddable":true,"href":"https:\/\/gourmetsenap.se\/shop\/wp-json\/wp\/v2\/media\/1988"}],"wp:attachment":[{"href":"https:\/\/gourmetsenap.se\/shop\/wp-json\/wp\/v2\/media?parent=337"}],"wp:term":[{"taxonomy":"product_brand","embeddable":true,"href":"https:\/\/gourmetsenap.se\/shop\/wp-json\/wp\/v2\/product_brand?post=337"},{"taxonomy":"product_cat","embeddable":true,"href":"https:\/\/gourmetsenap.se\/shop\/wp-json\/wp\/v2\/product_cat?post=337"},{"taxonomy":"product_tag","embeddable":true,"href":"https:\/\/gourmetsenap.se\/shop\/wp-json\/wp\/v2\/product_tag?post=337"}],"curies":[{"name":"wp","href":"https:\/\/api.w.org\/{rel}","templated":true}]}}