{"id":2489,"date":"2024-11-02T10:42:19","date_gmt":"2024-11-02T09:42:19","guid":{"rendered":"https:\/\/gourmetsenap.se\/shop\/?post_type=product&#038;p=2489"},"modified":"2025-12-27T15:57:46","modified_gmt":"2025-12-27T14:57:46","slug":"arets-julerbjudande","status":"publish","type":"product","link":"https:\/\/gourmetsenap.se\/shop\/product\/arets-julerbjudande\/","title":{"rendered":"JULERBJUDANDE ! \u00c5rets Gourmet-Julsenap i exklusiv Stenkrus + p\u00e5fyllnadsk\u00e4rl 400 g"},"content":{"rendered":"<p>Grov,s\u00f6t,stark och julkryddat!<br \/>\nGlutenfri! Laktosfri!<br \/>\n<strong>H\u00e5llbarhet:<\/strong> Minst 18 m\u00e5nader i o\u00f6ppnad f\u00f6rpackning. Vinner p\u00e5 Lagring.<br \/>\n\u00d6ppnad burk hanteras som kylvara!<br \/>\n<strong>Ingredienser:<\/strong><br \/>\nVatten, <b>SENAPSFR\u00d6N<\/b> gula och bruna och svarta, sirap, farin, \u00e4ttika, salt, kryddor<br \/>\n<strong>N\u00e4ringsv\u00e4rde per 100g:<\/strong><br \/>\nEnergi KJ\u00a0 962, Energi Kcal 234,6<br \/>\nFett\u00a0 \u00a0 \u00a0 \u00a0 4,24 g<br \/>\nVarav m\u00e4ttat\u00a0 0,2 g<br \/>\nKolhydrater\u00a0\u00a0 40,9 g<br \/>\nvarav sockerarter\u00a0 32,5 g<br \/>\nProteiner\u00a0\u00a0\u00a0\u00a0\u00a0\u00a0\u00a0\u00a0\u00a0 4,7\u00a0 g<br \/>\nSalt\u00a0\u00a0\u00a0\u00a0\u00a0\u00a0\u00a0\u00a0\u00a0\u00a0\u00a0\u00a0\u00a0\u00a0\u00a0\u00a0\u00a0\u00a0\u00a0 2,3\u00a0 g<\/p>\n<p>&nbsp;<\/p>\n","protected":false},"excerpt":{"rendered":"<p><strong>\u00c5rets Julerbjudande!<br \/>\n<\/strong>2024 \u00c5rg\u00e5ngsjulsenap 300g \u00a0i unikt saltglacerat stengodskrus samt p\u00e5fyllnadsk\u00e4rl 600g!<br \/>\nUnik presentid\u00e9 som \u00f6verraskar!<br \/>\n<strong>Guldmedalj\u00f6ren i\u00a0 SM i mathantverk 2020 .\u201dJul p\u00e5 Burk<\/strong>\u201d<br \/>\nV\u00e5r Julsenap \u00e4r en unik hantverksprodukt och blir d\u00e4rf\u00f6r lite olika \u00e5r fr\u00e5n \u00e5r trots att vi anv\u00e4nder samma recept vi vann guldmedalj med.Detta beror p\u00e5 en olika faktorer som olika sk\u00f6rd, temperatur vid tillagning, lagringstid, kryddornas styrka,Smakpanelens smakreferens m.m.D\u00e4rf\u00f6r erbjuder vi fr\u00e5n och med i \u00e5r en<strong> \u00e5rg\u00e5ngssenap<\/strong> som kan j\u00e4mf\u00f6ras med varandra som ett \u00e5rg\u00e5ngsvin -\u00f6l.Styrkan avtar visserligen \u00f6ver tid men andra smakkomponenter utvecklas och kan f\u00f6rh\u00f6ja senapens smak. Vi har lagt undan ett begr\u00e4nsad antal av 2024 \u00e5rs julsenap som kan best\u00e4llas genom en anteckning p\u00e5 webbordern!<br \/>\n\u00c5rets Julsenap \u00e4r starkare i sin grundkarakt\u00e4r \u00e4n sina f\u00f6reg\u00e5ngare men ger samma upplevelse av :<strong>Jul p\u00e5 burk!<\/strong><\/p>\n<p>&nbsp;<\/p>\n","protected":false},"featured_media":2387,"comment_status":"open","ping_status":"closed","template":"","meta":[],"product_brand":[],"product_cat":[19,20,31,22],"product_tag":[],"class_list":{"0":"post-2489","1":"product","2":"type-product","3":"status-publish","4":"has-post-thumbnail","6":"product_cat-egna-produkter","7":"product_cat-gourmetsenap","8":"product_cat-narodlat","9":"product_cat-narproducerat","11":"first","12":"outofstock","13":"sale","14":"taxable","15":"shipping-taxable","16":"purchasable","17":"product-type-simple"},"jetpack_sharing_enabled":true,"_links":{"self":[{"href":"https:\/\/gourmetsenap.se\/shop\/wp-json\/wp\/v2\/product\/2489","targetHints":{"allow":["GET"]}}],"collection":[{"href":"https:\/\/gourmetsenap.se\/shop\/wp-json\/wp\/v2\/product"}],"about":[{"href":"https:\/\/gourmetsenap.se\/shop\/wp-json\/wp\/v2\/types\/product"}],"replies":[{"embeddable":true,"href":"https:\/\/gourmetsenap.se\/shop\/wp-json\/wp\/v2\/comments?post=2489"}],"wp:featuredmedia":[{"embeddable":true,"href":"https:\/\/gourmetsenap.se\/shop\/wp-json\/wp\/v2\/media\/2387"}],"wp:attachment":[{"href":"https:\/\/gourmetsenap.se\/shop\/wp-json\/wp\/v2\/media?parent=2489"}],"wp:term":[{"taxonomy":"product_brand","embeddable":true,"href":"https:\/\/gourmetsenap.se\/shop\/wp-json\/wp\/v2\/product_brand?post=2489"},{"taxonomy":"product_cat","embeddable":true,"href":"https:\/\/gourmetsenap.se\/shop\/wp-json\/wp\/v2\/product_cat?post=2489"},{"taxonomy":"product_tag","embeddable":true,"href":"https:\/\/gourmetsenap.se\/shop\/wp-json\/wp\/v2\/product_tag?post=2489"}],"curies":[{"name":"wp","href":"https:\/\/api.w.org\/{rel}","templated":true}]}}