{"id":2478,"date":"2024-10-27T17:55:25","date_gmt":"2024-10-27T16:55:25","guid":{"rendered":"https:\/\/gourmetsenap.se\/shop\/?post_type=product&#038;p=2478"},"modified":"2024-10-27T17:56:37","modified_gmt":"2024-10-27T16:56:37","slug":"ingefarsenap-med-apelsin-kopia","status":"publish","type":"product","link":"https:\/\/gourmetsenap.se\/shop\/product\/ingefarsenap-med-apelsin-kopia\/","title":{"rendered":"Ingef\u00e4rsenap med apelsin (kopia)"},"content":{"rendered":"<p>Glutenfri!\u00a0 Laktosfri!<br \/>\n<strong>H\u00e5llbarhet:<\/strong> Minst 18 m\u00e5nader i o\u00f6ppnad f\u00f6rpackning<br \/>\n\u00d6ppnad burk hanteras som kylvara!\u00a0 \u00a0 Glutenfri! \u00a0 \u00a0 \u00a0 \u00a0 \u00a0 \u00a0 \u00a0 \u00a0 \u00a0 \u00a0 \u00a0 \u00a0 \u00a0 \u00a0 \u00a0 \u00a0 \u00a0 \u00a0 \u00a0 \u00a0 \u00a0 \u00a0 \u00a0 \u00a0 \u00a0<strong><br \/>\n<\/strong><strong>Ingredienser:<\/strong> Vatten,<strong>SENAPSFR\u00d6N<\/strong>, gula ,bruna, ingef\u00e4ra ,apesinjos, socker, \u00e4ttika ,salt\u00a0 \u00a0 \u00a0 \u00a0 \u00a0 \u00a0 \u00a0 <strong>N\u00e4ringsv\u00e4rde:<\/strong> Energi \/(kcal): 1995 \/ 464.<br \/>\nFett: 41,2 g. varav m\u00e4ttat fett: 5,0 g.<br \/>\nKolhydrat: 23 g g.varav sockerarter: 15,8 g.<br \/>\nProtein: 0,9 g<br \/>\nSalt: 0,03 g.<\/p>\n<div class=\"mod NFQFxe\" lang=\"sv-SE\" data-attrid=\"kc:\/food\/food:energy\" data-md=\"37\" data-ved=\"2ahUKEwid8PjG8rfuAhXSmIsKHY4_BNkQkCkwEXoECBcQAA\">\n<div id=\"kno-nf-nc\"><\/div>\n<\/div>\n<div class=\"mod NFQFxe\" lang=\"sv-SE\" data-attrid=\"kc:\/food\/food:nutrition\" data-md=\"38\" data-ved=\"2ahUKEwid8PjG8rfuAhXSmIsKHY4_BNkQkCkwEnoECBkQAA\">\n<div id=\"kno-nf-na\" class=\"PZPZlf\" role=\"list\" data-ved=\"2ahUKEwid8PjG8rfuAhXSmIsKHY4_BNkQ1CgoADASegQIGRAB\">\n<table class=\"AYBNrd\">\n<colgroup>\n<col \/>\n<col \/><\/colgroup>\n<tbody>\n<tr class=\"kno-nf-nr\" role=\"listitem\" data-mid=\"\/m\/04k8n\">\n<td class=\"ellip\"><\/td>\n<td class=\"ellip fooDZe\"><\/td>\n<\/tr>\n<tr class=\"kno-nf-nr\" role=\"listitem\" data-mid=\"\/m\/01n78x\">\n<td class=\"ellip VDcZVe\"><\/td>\n<td class=\"ellip fooDZe\"><\/td>\n<\/tr>\n<tr class=\"kno-nf-nr\" role=\"listitem\" data-mid=\"\/m\/05gh50\">\n<td class=\"ellip VDcZVe\"><\/td>\n<td class=\"ellip fooDZe\"><\/td>\n<\/tr>\n<tr class=\"kno-nf-nr\" role=\"listitem\" data-mid=\"\/m\/041r51\">\n<td class=\"ellip VDcZVe\"><\/td>\n<td class=\"ellip fooDZe\"><\/td>\n<\/tr>\n<tr class=\"kno-nf-nr\" role=\"listitem\" data-mid=\"\/m\/01w_3\">\n<td class=\"ellip\"><\/td>\n<td class=\"ellip fooDZe\"><\/td>\n<\/tr>\n<tr class=\"kno-nf-nr\" role=\"listitem\" data-mid=\"\/m\/025sf0_\">\n<td class=\"ellip\"><\/td>\n<td class=\"ellip fooDZe\"><\/td>\n<\/tr>\n<tr class=\"kno-nf-nr\" role=\"listitem\" data-mid=\"\/m\/025s7j4\">\n<td class=\"ellip\"><\/td>\n<td class=\"ellip fooDZe\"><\/td>\n<\/tr>\n<tr class=\"kno-nf-nr\" role=\"listitem\" data-mid=\"\/m\/01sh2\">\n<td class=\"ellip\"><\/td>\n<td class=\"ellip fooDZe\"><\/td>\n<\/tr>\n<tr class=\"kno-nf-nr\" role=\"listitem\" data-mid=\"\/m\/0hkwr\">\n<td class=\"ellip VDcZVe\"><\/td>\n<td class=\"ellip fooDZe\"><\/td>\n<\/tr>\n<tr class=\"kno-nf-nr\" role=\"listitem\" data-mid=\"\/m\/06x4c\">\n<td class=\"ellip VDcZVe\"><\/td>\n<td class=\"ellip fooDZe\"><\/td>\n<\/tr>\n<tr class=\"kno-nf-nr\" role=\"listitem\" data-mid=\"\/m\/05wvs\">\n<td class=\"ellip\"><\/td>\n<td class=\"ellip fooDZe\"><\/td>\n<\/tr>\n<\/tbody>\n<colgroup>\n<col \/>\n<col \/>\n<col \/>\n<col \/><\/colgroup>\n<\/table>\n<\/div>\n<\/div>\n<p><strong>I<\/strong><\/p>\n","protected":false},"excerpt":{"rendered":"<p><strong>Gott till grillat Fl\u00e4skk\u00f6tt<\/strong><\/p>\n","protected":false},"featured_media":1960,"comment_status":"open","ping_status":"closed","template":"","meta":[],"product_brand":[],"product_cat":[19,20,31,22],"product_tag":[34,30],"class_list":{"0":"post-2478","1":"product","2":"type-product","3":"status-publish","4":"has-post-thumbnail","6":"product_cat-egna-produkter","7":"product_cat-gourmetsenap","8":"product_cat-narodlat","9":"product_cat-narproducerat","10":"product_tag-glutenfri","11":"product_tag-gourmetsenap","13":"first","14":"instock","15":"taxable","16":"shipping-taxable","17":"purchasable","18":"product-type-simple"},"jetpack_sharing_enabled":true,"_links":{"self":[{"href":"https:\/\/gourmetsenap.se\/shop\/wp-json\/wp\/v2\/product\/2478","targetHints":{"allow":["GET"]}}],"collection":[{"href":"https:\/\/gourmetsenap.se\/shop\/wp-json\/wp\/v2\/product"}],"about":[{"href":"https:\/\/gourmetsenap.se\/shop\/wp-json\/wp\/v2\/types\/product"}],"replies":[{"embeddable":true,"href":"https:\/\/gourmetsenap.se\/shop\/wp-json\/wp\/v2\/comments?post=2478"}],"wp:featuredmedia":[{"embeddable":true,"href":"https:\/\/gourmetsenap.se\/shop\/wp-json\/wp\/v2\/media\/1960"}],"wp:attachment":[{"href":"https:\/\/gourmetsenap.se\/shop\/wp-json\/wp\/v2\/media?parent=2478"}],"wp:term":[{"taxonomy":"product_brand","embeddable":true,"href":"https:\/\/gourmetsenap.se\/shop\/wp-json\/wp\/v2\/product_brand?post=2478"},{"taxonomy":"product_cat","embeddable":true,"href":"https:\/\/gourmetsenap.se\/shop\/wp-json\/wp\/v2\/product_cat?post=2478"},{"taxonomy":"product_tag","embeddable":true,"href":"https:\/\/gourmetsenap.se\/shop\/wp-json\/wp\/v2\/product_tag?post=2478"}],"curies":[{"name":"wp","href":"https:\/\/api.w.org\/{rel}","templated":true}]}}