{"id":2438,"date":"2024-10-27T16:27:44","date_gmt":"2024-10-27T15:27:44","guid":{"rendered":"https:\/\/gourmetsenap.se\/shop\/?post_type=product&#038;p=2438"},"modified":"2025-12-27T15:48:58","modified_gmt":"2025-12-27T14:48:58","slug":"dillsenap-med-citron","status":"publish","type":"product","link":"https:\/\/gourmetsenap.se\/shop\/product\/dillsenap-med-citron\/","title":{"rendered":"Dillsenap med Citron"},"content":{"rendered":"<p>Inneh\u00e5ll: 200g<br \/>\nGlutenfri! Laktosfri!<br \/>\n<strong>H\u00e5llbarhet:<\/strong> Minst 18 m\u00e5nader i o\u00f6ppnad f\u00f6rpackning.<br \/>\n\u00d6ppnad burk hanteras som kylvara!<br \/>\n<strong>Ingredienser:<\/strong><br \/>\nVatten, <strong>SENAPSFR\u00d6N<\/strong>, gula och \u00a0bruna, \u00e4ttika,honung, salt, dill,citron<br \/>\n<strong>N\u00e4ringsv\u00e4rde per 100g:<br \/>\nEnergi<\/strong> 482 kj \/ 112 kcal<br \/>\nProtein 5,4 g.<br \/>\nFett 3,4 g,<br \/>\nvarav m\u00e4ttade fettsyror 0,2 g<br \/>\nKolhydrater 16,5 g\u00a0 \u00a0varav\u00a0 Sockerarter 15,3 g<br \/>\nsalt<\/p>\n","protected":false},"excerpt":{"rendered":"<p>Sl\u00e4t senap med dill och citron-passar bra till fiskr\u00e4tter, s\u00e5ser, dressingar och marinader<\/p>\n","protected":false},"featured_media":2482,"comment_status":"open","ping_status":"closed","template":"","meta":[],"product_brand":[],"product_cat":[19,20,31],"product_tag":[34,30],"class_list":{"0":"post-2438","1":"product","2":"type-product","3":"status-publish","4":"has-post-thumbnail","6":"product_cat-egna-produkter","7":"product_cat-gourmetsenap","8":"product_cat-narodlat","9":"product_tag-glutenfri","10":"product_tag-gourmetsenap","12":"first","13":"instock","14":"taxable","15":"shipping-taxable","16":"purchasable","17":"product-type-simple"},"jetpack_sharing_enabled":true,"_links":{"self":[{"href":"https:\/\/gourmetsenap.se\/shop\/wp-json\/wp\/v2\/product\/2438","targetHints":{"allow":["GET"]}}],"collection":[{"href":"https:\/\/gourmetsenap.se\/shop\/wp-json\/wp\/v2\/product"}],"about":[{"href":"https:\/\/gourmetsenap.se\/shop\/wp-json\/wp\/v2\/types\/product"}],"replies":[{"embeddable":true,"href":"https:\/\/gourmetsenap.se\/shop\/wp-json\/wp\/v2\/comments?post=2438"}],"wp:featuredmedia":[{"embeddable":true,"href":"https:\/\/gourmetsenap.se\/shop\/wp-json\/wp\/v2\/media\/2482"}],"wp:attachment":[{"href":"https:\/\/gourmetsenap.se\/shop\/wp-json\/wp\/v2\/media?parent=2438"}],"wp:term":[{"taxonomy":"product_brand","embeddable":true,"href":"https:\/\/gourmetsenap.se\/shop\/wp-json\/wp\/v2\/product_brand?post=2438"},{"taxonomy":"product_cat","embeddable":true,"href":"https:\/\/gourmetsenap.se\/shop\/wp-json\/wp\/v2\/product_cat?post=2438"},{"taxonomy":"product_tag","embeddable":true,"href":"https:\/\/gourmetsenap.se\/shop\/wp-json\/wp\/v2\/product_tag?post=2438"}],"curies":[{"name":"wp","href":"https:\/\/api.w.org\/{rel}","templated":true}]}}