{"id":2315,"date":"2022-11-21T17:01:22","date_gmt":"2022-11-21T16:01:22","guid":{"rendered":"https:\/\/gourmetsenap.se\/shop\/?post_type=product&#038;p=2315"},"modified":"2024-11-10T12:32:56","modified_gmt":"2024-11-10T11:32:56","slug":"barsarkarsas","status":"publish","type":"product","link":"https:\/\/gourmetsenap.se\/shop\/product\/barsarkarsas\/","title":{"rendered":"B\u00e4rs\u00e4rkars\u00e5s"},"content":{"rendered":"<p>Glutenfri!<br \/>\nH\u00e5llbarhet:<br \/>\n6 m\u00e5nader i o\u00f6ppnad f\u00f6rpackning<br \/>\n\u00d6ppnad f\u00f6rpackning hanteras som kylvara.<br \/>\nIngredienser:<br \/>\nVatten,Habanero,Jalapeno,chipotle,tomat,l\u00f6k,vitl\u00f6k,SENAP , socker, vin\u00e4ger,salt,kryddor<br \/>\nN\u00e4ringsv\u00e4rde:<br \/>\nEnergi Kj 678\/kcal:165,3.<br \/>\nFett: 10,2 g. varav m\u00e4ttat fett: 0,2 g.<br \/>\nKolhydrat: 9,5 g.varav sockerarter: 1,5 g.<br \/>\nProtein: 7,36 g.<br \/>\nSalt: 2,0\u00a0g.<\/p>\n","protected":false},"excerpt":{"rendered":"<p>Grym,Het och eldig<\/p>\n","protected":false},"featured_media":2487,"comment_status":"open","ping_status":"closed","template":"","meta":[],"product_brand":[],"product_cat":[19,20,31,22],"product_tag":[],"class_list":{"0":"post-2315","1":"product","2":"type-product","3":"status-publish","4":"has-post-thumbnail","6":"product_cat-egna-produkter","7":"product_cat-gourmetsenap","8":"product_cat-narodlat","9":"product_cat-narproducerat","11":"first","12":"instock","13":"taxable","14":"shipping-taxable","15":"purchasable","16":"product-type-simple"},"jetpack_sharing_enabled":true,"_links":{"self":[{"href":"https:\/\/gourmetsenap.se\/shop\/wp-json\/wp\/v2\/product\/2315","targetHints":{"allow":["GET"]}}],"collection":[{"href":"https:\/\/gourmetsenap.se\/shop\/wp-json\/wp\/v2\/product"}],"about":[{"href":"https:\/\/gourmetsenap.se\/shop\/wp-json\/wp\/v2\/types\/product"}],"replies":[{"embeddable":true,"href":"https:\/\/gourmetsenap.se\/shop\/wp-json\/wp\/v2\/comments?post=2315"}],"wp:featuredmedia":[{"embeddable":true,"href":"https:\/\/gourmetsenap.se\/shop\/wp-json\/wp\/v2\/media\/2487"}],"wp:attachment":[{"href":"https:\/\/gourmetsenap.se\/shop\/wp-json\/wp\/v2\/media?parent=2315"}],"wp:term":[{"taxonomy":"product_brand","embeddable":true,"href":"https:\/\/gourmetsenap.se\/shop\/wp-json\/wp\/v2\/product_brand?post=2315"},{"taxonomy":"product_cat","embeddable":true,"href":"https:\/\/gourmetsenap.se\/shop\/wp-json\/wp\/v2\/product_cat?post=2315"},{"taxonomy":"product_tag","embeddable":true,"href":"https:\/\/gourmetsenap.se\/shop\/wp-json\/wp\/v2\/product_tag?post=2315"}],"curies":[{"name":"wp","href":"https:\/\/api.w.org\/{rel}","templated":true}]}}