{"id":2264,"date":"2022-01-18T23:09:38","date_gmt":"2022-01-18T22:09:38","guid":{"rendered":"https:\/\/gourmetsenap.se\/shop\/?post_type=product&#038;p=2264"},"modified":"2025-12-27T15:54:27","modified_gmt":"2025-12-27T14:54:27","slug":"akta-tryffelketchup","status":"publish","type":"product","link":"https:\/\/gourmetsenap.se\/shop\/product\/akta-tryffelketchup\/","title":{"rendered":"\u00c4kta Tryffelketchup"},"content":{"rendered":"<p><em>Glutenfri! Laktosfri\u00a0<\/em><br \/>\n<strong>H\u00e5llbarhet:<\/strong><br \/>\n<em>Minst 18 m\u00e5nader i o\u00f6ppnad f\u00f6rpackning\u00a0 \u00a0 \u00a0 \u00a0 \u00a0 \u00a0 \u00a0 \u00a0 \u00a0 \u00a0 \u00a0 \u00a0 \u00a0 \u00a0 \u00a0 \u00a0 \u00a0 \u00a0 \u00a0 \u00a0 \u00a0 \u00a0 \u00a0 \u00a0 \u00a0 \u00a0 \u00a0 \u00a0 \u00a0 \u00a0 \u00a0 \u00a0 \u00a0 \u00a0 \u00a0<\/em><br \/>\n<em>\u00d6ppnad burk hanteras som kylvara!<\/em><br \/>\n<strong>Ingredienser per 100 g:<br \/>\n<\/strong><em>Tomatpur\u00e9 motsvarande 155 g tomater\/100 g, socker, vatten, Svart tryffel, \u00e4ttikssprit, salt,<\/em><br \/>\n<em>modifierad st\u00e4rkelse(potatismj\u00f6l),<\/em><br \/>\n<em>antioxidations-medel, konserveringsmedel E211, E202, kryddor<\/em><br \/>\nSp\u00e5r av<strong> SENAP<\/strong> kan f\u00f6rekomma !\u00a0 \u00a0 \u00a0 \u00a0 \u00a0 \u00a0 \u00a0 \u00a0 \u00a0 \u00a0 \u00a0 \u00a0 \u00a0 \u00a0 \u00a0 \u00a0 \u00a0 \u00a0 \u00a0 \u00a0 \u00a0 \u00a0 \u00a0 \u00a0 \u00a0 \u00a0 \u00a0 \u00a0 \u00a0 \u00a0 \u00a0 \u00a0 \u00a0 \u00a0 \u00a0 \u00a0 \u00a0 \u00a0 \u00a0 \u00a0 \u00a0 \u00a0 \u00a0 \u00a0 \u00a0 \u00a0 \u00a0 \u00a0 \u00a0 \u00a0 \u00a0 \u00a0 \u00a0 \u00a0 \u00a0 \u00a0 \u00a0 \u00a0 \u00a0 \u00a0 \u00a0 \u00a0 \u00a0 \u00a0 \u00a0 \u00a0 \u00a0 \u00a0 \u00a0 \u00a0 \u00a0 \u00a0 \u00a0 \u00a0 <strong>N\u00e4ringsv\u00e4rde per 100g<\/strong>:<br \/>\n<em>Energi KJ\u00a0\u00a0\u00a0 420Energi Kcal 100<\/em><br \/>\n<em>Fett\u00a0 \u00a0 \u00a0 \u00a0 \u00a0 0,5 g varav m\u00e4ttat 0,2g\u00a0 \u00a0 \u00a0 \u00a0 \u00a0 \u00a0 \u00a0 \u00a0 \u00a0 \u00a0 \u00a0 \u00a0 \u00a0 \u00a0 \u00a0 \u00a0 \u00a0 \u00a0 \u00a0 \u00a0 \u00a0 \u00a0 \u00a0 \u00a0 \u00a0 \u00a0 \u00a0 \u00a0 \u00a0 \u00a0 \u00a0 \u00a0 \u00a0 \u00a0 \u00a0 \u00a0 \u00a0 \u00a0 \u00a0 \u00a0 \u00a0 \u00a0 \u00a0 \u00a0 \u00a0 \u00a0 \u00a0 \u00a0 \u00a0 \u00a0 \u00a0 \u00a0 \u00a0 \u00a0 \u00a0 \u00a0 \u00a0 \u00a0 \u00a0 \u00a0 \u00a0 \u00a0 \u00a0 \u00a0 \u00a0 \u00a0 \u00a0 \u00a0 \u00a0 \u00a0 \u00a0 \u00a0 \u00a0 Kolhydrater\u00a0 \u00a0 24,0g\u00a0 varav sockerarter 20,0 g<br \/>\nProteiner\u00a0 \u00a0 \u00a0 \u00a0 \u00a0 1,0g<\/em><br \/>\n<em>Salt\u00a0 \u00a0 \u00a0 \u00a0 \u00a0 \u00a0 \u00a0 \u00a0 \u00a0 \u00a0 \u00a03 ,0 g<br \/>\n\u00c4ttikssyra\u00a0 \u00a0 \u00a0 \u00a0 \u00a01,3 g\u00a0 \u00a0 \u00a0 \u00a0 \u00a0 \u00a0 \u00a0 \u00a0 \u00a0 \u00a0 \u00a0 \u00a0 \u00a0 \u00a0 \u00a0 \u00a0 \u00a0 \u00a0 \u00a0 \u00a0 \u00a0 \u00a0 \u00a0 \u00a0 \u00a0 \u00a0 \u00a0 \u00a0 \u00a0 \u00a0 \u00a0 \u00a0 \u00a0 \u00a0 \u00a0 \u00a0 \u00a0 \u00a0 \u00a0 \u00a0 \u00a0 \u00a0 \u00a0 \u00a0 \u00a0 \u00a0 \u00a0 \u00a0 \u00a0 \u00a0 \u00a0 \u00a0 \u00a0 \u00a0 \u00a0 \u00a0 \u00a0 \u00a0 \u00a0 \u00a0 \u00a0 \u00a0 \u00a0 \u00a0 \u00a0 \u00a0 \u00a0 \u00a0 \u00a0 \u00a0 \u00a0 \u00a0 \u00a0 \u00a0 \u00a0 \u00a0 \u00a0 \u00a0 \u00a0 \u00a0 \u00a0 \u00a0 \u00a0 \u00a0 \u00a0 \u00a0 \u00a0 \u00a0<\/em><br \/>\n<em>PH\u00a0 \u00a0 \u00a0 \u00a0 \u00a0 \u00a0 \u00a0 \u00a0 \u00a0 \u00a0 \u00a0 \u00a03,7<\/em><\/p>\n","protected":false},"excerpt":{"rendered":"<p>Hemkokt ketchup p\u00e5 n\u00e4rodlade solmogna tomater fr\u00e5n \u00d6sterg\u00f6tland med tillsats av \u00e4kta svart tryffel.Lyfter din matlagning till nya h\u00f6jder!<\/p>\n","protected":false},"featured_media":2267,"comment_status":"open","ping_status":"closed","template":"","meta":[],"product_brand":[],"product_cat":[19,32,31,22],"product_tag":[34,33],"class_list":{"0":"post-2264","1":"product","2":"type-product","3":"status-publish","4":"has-post-thumbnail","6":"product_cat-egna-produkter","7":"product_cat-gourmetsaser","8":"product_cat-narodlat","9":"product_cat-narproducerat","10":"product_tag-glutenfri","11":"product_tag-gourmetsaser","13":"first","14":"outofstock","15":"taxable","16":"shipping-taxable","17":"purchasable","18":"product-type-simple"},"jetpack_sharing_enabled":true,"_links":{"self":[{"href":"https:\/\/gourmetsenap.se\/shop\/wp-json\/wp\/v2\/product\/2264","targetHints":{"allow":["GET"]}}],"collection":[{"href":"https:\/\/gourmetsenap.se\/shop\/wp-json\/wp\/v2\/product"}],"about":[{"href":"https:\/\/gourmetsenap.se\/shop\/wp-json\/wp\/v2\/types\/product"}],"replies":[{"embeddable":true,"href":"https:\/\/gourmetsenap.se\/shop\/wp-json\/wp\/v2\/comments?post=2264"}],"wp:featuredmedia":[{"embeddable":true,"href":"https:\/\/gourmetsenap.se\/shop\/wp-json\/wp\/v2\/media\/2267"}],"wp:attachment":[{"href":"https:\/\/gourmetsenap.se\/shop\/wp-json\/wp\/v2\/media?parent=2264"}],"wp:term":[{"taxonomy":"product_brand","embeddable":true,"href":"https:\/\/gourmetsenap.se\/shop\/wp-json\/wp\/v2\/product_brand?post=2264"},{"taxonomy":"product_cat","embeddable":true,"href":"https:\/\/gourmetsenap.se\/shop\/wp-json\/wp\/v2\/product_cat?post=2264"},{"taxonomy":"product_tag","embeddable":true,"href":"https:\/\/gourmetsenap.se\/shop\/wp-json\/wp\/v2\/product_tag?post=2264"}],"curies":[{"name":"wp","href":"https:\/\/api.w.org\/{rel}","templated":true}]}}