{"id":2250,"date":"2021-11-30T00:47:51","date_gmt":"2021-11-29T23:47:51","guid":{"rendered":"https:\/\/gourmetsenap.se\/shop\/?post_type=product&#038;p=2250"},"modified":"2025-10-19T13:17:55","modified_gmt":"2025-10-19T12:17:55","slug":"paprikapulverfinmalet","status":"publish","type":"product","link":"https:\/\/gourmetsenap.se\/shop\/product\/paprikapulverfinmalet\/","title":{"rendered":"R\u00f6kt Paprikapulver"},"content":{"rendered":"<p><strong><em>Glutenfri!Laktosfri!<\/em><em>C vitaminrik !<\/em><\/strong><b><strong><br \/>\nH\u00e5llbarhet:<br \/>\n<em>Minst 18 m\u00e5nader i o\u00f6ppnad f\u00f6rpackning.<br \/>\nF\u00f6rvaras torrt och<\/em><\/strong><\/b><strong>\u00a0<em>h\u00f6gst 25 \u00b0C<br \/>\n<\/em><\/strong><strong>Ingredienser:<\/strong> R\u00f6kt\u00a0Paprika\u00a0 \u00a0 \u00a0 <strong><em><br \/>\n<\/em><\/strong><strong>N\u00e4ringsinneh\u00e5ll:<br \/>\nEnergi<em>:<span class=\"V6Ytv\"> kcal<\/span>\u00a0<\/em><span class=\"abs\"><em>282 \/ kj 1156<\/em><br \/>\n<\/span><\/strong><em><span class=\"abs\">Fett <\/span><span class=\"abs\">13 g varav m\u00e4ttat fett 2,1 g,<br \/>\n<span class=\"V6Ytv\">Kolhydrater <\/span>54 g\u00a0 varav sockerarter 10 g<br \/>\n<span class=\"V6Ytv\">Protein<\/span>14 g<\/span><\/em><\/p>\n","protected":false},"excerpt":{"rendered":"<p>Glutenfri!Laktosfri!C vitaminrik ! H\u00e5llbarhet: Minst 18 m\u00e5nader i o\u00f6ppnad f\u00f6rpackning. F\u00f6rvaras torrt och\u00a0h\u00f6gst 25 \u00b0C Ingredienser: R\u00f6kt\u00a0Paprika\u00a0 \u00a0 \u00a0 N\u00e4ringsinneh\u00e5ll: Energi: kcal\u00a0282 \/ kj 1156 Fett 13 g varav m\u00e4ttat fett 2,1 g, Kolhydrater 54 g\u00a0 varav sockerarter 10 g Protein14 g<\/p>\n","protected":false},"featured_media":2586,"comment_status":"open","ping_status":"closed","template":"","meta":[],"product_brand":[],"product_cat":[19,36,35],"product_tag":[],"class_list":{"0":"post-2250","1":"product","2":"type-product","3":"status-publish","4":"has-post-thumbnail","6":"product_cat-egna-produkter","7":"product_cat-gourmetkryddor","8":"product_cat-osotat","10":"first","11":"instock","12":"taxable","13":"shipping-taxable","14":"purchasable","15":"product-type-simple"},"jetpack_sharing_enabled":true,"_links":{"self":[{"href":"https:\/\/gourmetsenap.se\/shop\/wp-json\/wp\/v2\/product\/2250","targetHints":{"allow":["GET"]}}],"collection":[{"href":"https:\/\/gourmetsenap.se\/shop\/wp-json\/wp\/v2\/product"}],"about":[{"href":"https:\/\/gourmetsenap.se\/shop\/wp-json\/wp\/v2\/types\/product"}],"replies":[{"embeddable":true,"href":"https:\/\/gourmetsenap.se\/shop\/wp-json\/wp\/v2\/comments?post=2250"}],"wp:featuredmedia":[{"embeddable":true,"href":"https:\/\/gourmetsenap.se\/shop\/wp-json\/wp\/v2\/media\/2586"}],"wp:attachment":[{"href":"https:\/\/gourmetsenap.se\/shop\/wp-json\/wp\/v2\/media?parent=2250"}],"wp:term":[{"taxonomy":"product_brand","embeddable":true,"href":"https:\/\/gourmetsenap.se\/shop\/wp-json\/wp\/v2\/product_brand?post=2250"},{"taxonomy":"product_cat","embeddable":true,"href":"https:\/\/gourmetsenap.se\/shop\/wp-json\/wp\/v2\/product_cat?post=2250"},{"taxonomy":"product_tag","embeddable":true,"href":"https:\/\/gourmetsenap.se\/shop\/wp-json\/wp\/v2\/product_tag?post=2250"}],"curies":[{"name":"wp","href":"https:\/\/api.w.org\/{rel}","templated":true}]}}