{"id":2248,"date":"2021-11-30T00:26:31","date_gmt":"2021-11-29T23:26:31","guid":{"rendered":"https:\/\/gourmetsenap.se\/shop\/?post_type=product&#038;p=2248"},"modified":"2026-02-18T19:47:15","modified_gmt":"2026-02-18T18:47:15","slug":"gourmet-julsenap","status":"publish","type":"product","link":"https:\/\/gourmetsenap.se\/shop\/product\/gourmet-julsenap\/","title":{"rendered":"\u00c5rets Gourmet Julsenap 300g"},"content":{"rendered":"<p><strong>Guldmedalj\u00f6ren i\u00a0 SM i mathantverk 2020 .&#8221;Jul p\u00e5 Burk<\/strong>&#8221;<\/p>\n<p>Glutenfri! Laktosfri!<br \/>\n<strong>H\u00e5llbarhet:<\/strong> Minst 18 m\u00e5nader i o\u00f6ppnad f\u00f6rpackning. Vinner p\u00e5 Lagring.<br \/>\n\u00d6ppnad burk hanteras som kylvara!<br \/>\n<strong>Ingredienser:<\/strong><br \/>\nVatten, <b>SENAPSFR\u00d6N<\/b> gula och bruna, sirap, farin, \u00e4ttika, salt, kryddor<br \/>\n<strong>N\u00e4ringsv\u00e4rde per 100g:<\/strong><br \/>\nEnergi KJ\u00a0 962, Energi Kcal 234,6<br \/>\nFett\u00a0 \u00a0 \u00a0 \u00a0 4,24 g<br \/>\nVarav m\u00e4ttat\u00a0 0,2 g<br \/>\nKolhydrater\u00a0\u00a0 40,9 g<br \/>\nvarav sockerarter\u00a0 32,5 g<br \/>\nProteiner\u00a0\u00a0\u00a0\u00a0\u00a0\u00a0\u00a0\u00a0\u00a0 4,7\u00a0 g<br \/>\nSalt\u00a0\u00a0\u00a0\u00a0\u00a0\u00a0\u00a0\u00a0\u00a0\u00a0\u00a0\u00a0\u00a0\u00a0\u00a0\u00a0\u00a0\u00a0\u00a0 2,3\u00a0 g<\/p>\n","protected":false},"excerpt":{"rendered":"<p>Grovkornig ,s\u00f6t, kryddig senap som passar till allt fr\u00e5n varmkorv till kallskuret , skinkan och lutfisken.<\/p>\n","protected":false},"featured_media":2621,"comment_status":"open","ping_status":"closed","template":"","meta":[],"product_brand":[55],"product_cat":[19,31,22,56],"product_tag":[],"class_list":{"0":"post-2248","1":"product","2":"type-product","3":"status-publish","4":"has-post-thumbnail","6":"product_brand-gourmetsenap","7":"product_cat-egna-produkter","8":"product_cat-narodlat","9":"product_cat-narproducerat","10":"product_cat-vinterrea","12":"first","13":"outofstock","14":"sale","15":"taxable","16":"shipping-taxable","17":"purchasable","18":"product-type-simple"},"jetpack_sharing_enabled":true,"_links":{"self":[{"href":"https:\/\/gourmetsenap.se\/shop\/wp-json\/wp\/v2\/product\/2248","targetHints":{"allow":["GET"]}}],"collection":[{"href":"https:\/\/gourmetsenap.se\/shop\/wp-json\/wp\/v2\/product"}],"about":[{"href":"https:\/\/gourmetsenap.se\/shop\/wp-json\/wp\/v2\/types\/product"}],"replies":[{"embeddable":true,"href":"https:\/\/gourmetsenap.se\/shop\/wp-json\/wp\/v2\/comments?post=2248"}],"wp:featuredmedia":[{"embeddable":true,"href":"https:\/\/gourmetsenap.se\/shop\/wp-json\/wp\/v2\/media\/2621"}],"wp:attachment":[{"href":"https:\/\/gourmetsenap.se\/shop\/wp-json\/wp\/v2\/media?parent=2248"}],"wp:term":[{"taxonomy":"product_brand","embeddable":true,"href":"https:\/\/gourmetsenap.se\/shop\/wp-json\/wp\/v2\/product_brand?post=2248"},{"taxonomy":"product_cat","embeddable":true,"href":"https:\/\/gourmetsenap.se\/shop\/wp-json\/wp\/v2\/product_cat?post=2248"},{"taxonomy":"product_tag","embeddable":true,"href":"https:\/\/gourmetsenap.se\/shop\/wp-json\/wp\/v2\/product_tag?post=2248"}],"curies":[{"name":"wp","href":"https:\/\/api.w.org\/{rel}","templated":true}]}}