{"id":2234,"date":"2021-06-30T19:10:18","date_gmt":"2021-06-30T18:10:18","guid":{"rendered":"https:\/\/gourmetsenap.se\/shop\/?post_type=product&#038;p=2234"},"modified":"2025-12-27T15:55:30","modified_gmt":"2025-12-27T14:55:30","slug":"pafyllnadskarl","status":"publish","type":"product","link":"https:\/\/gourmetsenap.se\/shop\/product\/pafyllnadskarl\/","title":{"rendered":"P\u00e5fyllnadsk\u00e4rl med \u00c5rets Julsenap"},"content":{"rendered":"<p>Inneh\u00e5ll:600g<br \/>\nGlutenfri! Laktosfri!<br \/>\n<strong>H\u00e5llbarhet:<\/strong>\u00a0Minst 18 m\u00e5nader i o\u00f6ppnad f\u00f6rpackning. Vinner p\u00e5 Lagring.<br \/>\n\u00d6ppnad burk hanteras som kylvara!<br \/>\n<strong>Ingredienser:<\/strong><br \/>\nVatten,\u00a0<strong>SENAPSFR\u00d6N<\/strong>, \u00a0bruna, \u00e4ttika,socker, salt, kryddor<br \/>\n<strong>N\u00e4ringsv\u00e4rde per 100g:<br \/>\nN\u00e4ringsv\u00e4rde per 100g:<br \/>\nEnergi KJ\u00a0 962, Energi Kcal 234,6<br \/>\nFett\u00a0 \u00a0 \u00a0 \u00a0 4,24 g<br \/>\nVarav m\u00e4ttat\u00a0 0,2 g<br \/>\nKolhydrater\u00a0\u00a0 40,9 g<br \/>\nvarav sockerarter\u00a0 32,5 g<br \/>\nProteiner\u00a0\u00a0\u00a0\u00a0\u00a0\u00a0\u00a0\u00a0\u00a0 4,7\u00a0 g<br \/>\nSalt\u00a0\u00a0\u00a0\u00a0\u00a0\u00a0\u00a0\u00a0\u00a0\u00a0\u00a0\u00a0\u00a0\u00a0\u00a0\u00a0\u00a0\u00a0\u00a0 2,3\u00a0 g<br \/>\n<\/strong><\/p>\n","protected":false},"excerpt":{"rendered":"<p>Praktiskt och kostnadseffektiv p\u00e5fyllningsburk till stengodsk\u00e4rlet!<br \/>\n<strong>OBS!<\/strong> Kan endast best\u00e4llas som komplement till ordinarie julsenapsf\u00f6rpackningar!<br \/>\n<strong>Endast 70:<\/strong>&#8211;<\/p>\n","protected":false},"featured_media":2196,"comment_status":"open","ping_status":"closed","template":"","meta":[],"product_brand":[],"product_cat":[19,20,31],"product_tag":[],"class_list":{"0":"post-2234","1":"product","2":"type-product","3":"status-publish","4":"has-post-thumbnail","6":"product_cat-egna-produkter","7":"product_cat-gourmetsenap","8":"product_cat-narodlat","9":"product_shipping_class-fk500","11":"first","12":"outofstock","13":"featured","14":"sold-individually","15":"taxable","16":"shipping-taxable","17":"purchasable","18":"product-type-simple"},"jetpack_sharing_enabled":true,"_links":{"self":[{"href":"https:\/\/gourmetsenap.se\/shop\/wp-json\/wp\/v2\/product\/2234","targetHints":{"allow":["GET"]}}],"collection":[{"href":"https:\/\/gourmetsenap.se\/shop\/wp-json\/wp\/v2\/product"}],"about":[{"href":"https:\/\/gourmetsenap.se\/shop\/wp-json\/wp\/v2\/types\/product"}],"replies":[{"embeddable":true,"href":"https:\/\/gourmetsenap.se\/shop\/wp-json\/wp\/v2\/comments?post=2234"}],"wp:featuredmedia":[{"embeddable":true,"href":"https:\/\/gourmetsenap.se\/shop\/wp-json\/wp\/v2\/media\/2196"}],"wp:attachment":[{"href":"https:\/\/gourmetsenap.se\/shop\/wp-json\/wp\/v2\/media?parent=2234"}],"wp:term":[{"taxonomy":"product_brand","embeddable":true,"href":"https:\/\/gourmetsenap.se\/shop\/wp-json\/wp\/v2\/product_brand?post=2234"},{"taxonomy":"product_cat","embeddable":true,"href":"https:\/\/gourmetsenap.se\/shop\/wp-json\/wp\/v2\/product_cat?post=2234"},{"taxonomy":"product_tag","embeddable":true,"href":"https:\/\/gourmetsenap.se\/shop\/wp-json\/wp\/v2\/product_tag?post=2234"}],"curies":[{"name":"wp","href":"https:\/\/api.w.org\/{rel}","templated":true}]}}