{"id":2203,"date":"2021-05-30T17:14:34","date_gmt":"2021-05-30T16:14:34","guid":{"rendered":"https:\/\/gourmetsenap.se\/shop\/?post_type=product&#038;p=2203"},"modified":"2024-10-27T17:52:11","modified_gmt":"2024-10-27T16:52:11","slug":"vikingarsenap","status":"publish","type":"product","link":"https:\/\/gourmetsenap.se\/shop\/product\/vikingarsenap\/","title":{"rendered":"Vikingarsenap"},"content":{"rendered":"<p>Inneh\u00e5ll:200g<br \/>\nGlutenfri! Laktosfri!<br \/>\n<strong>H\u00e5llbarhet:<\/strong> Minst 18 m\u00e5nader i o\u00f6ppnad f\u00f6rpackning. Vinner p\u00e5 Lagring.<br \/>\n\u00d6ppnad burk hanteras som kylvara!<br \/>\n<strong>Ingredienser:<\/strong><br \/>\nVatten, <strong>SENAPSFR\u00d6N<\/strong>, \u00a0bruna, \u00e4ttika,socker, salt, kryddor<br \/>\n<strong>N\u00e4ringsv\u00e4rde per 100g:<br \/>\nEnergi <\/strong>240 kj \/ 57 kcal<br \/>\nProtein 5,4 g.<br \/>\nFett 12,6 g,<br \/>\nvarav m\u00e4ttade fettsyror 1,5 g<br \/>\nKolhydrater 25,5 g\u00a0 \u00a0varav\u00a0 Sockerarter 8,8 g<\/p>\n","protected":false},"excerpt":{"rendered":"<p>En Senap f\u00f6r alla som gillar riktig stark senap. L\u00e4mnar ingen ober\u00f6rd!<\/p>\n","protected":false},"featured_media":2204,"comment_status":"open","ping_status":"closed","template":"","meta":[],"product_brand":[],"product_cat":[19,20,31],"product_tag":[34,30],"class_list":{"0":"post-2203","1":"product","2":"type-product","3":"status-publish","4":"has-post-thumbnail","6":"product_cat-egna-produkter","7":"product_cat-gourmetsenap","8":"product_cat-narodlat","9":"product_tag-glutenfri","10":"product_tag-gourmetsenap","12":"first","13":"instock","14":"taxable","15":"shipping-taxable","16":"purchasable","17":"product-type-simple"},"jetpack_sharing_enabled":true,"_links":{"self":[{"href":"https:\/\/gourmetsenap.se\/shop\/wp-json\/wp\/v2\/product\/2203","targetHints":{"allow":["GET"]}}],"collection":[{"href":"https:\/\/gourmetsenap.se\/shop\/wp-json\/wp\/v2\/product"}],"about":[{"href":"https:\/\/gourmetsenap.se\/shop\/wp-json\/wp\/v2\/types\/product"}],"replies":[{"embeddable":true,"href":"https:\/\/gourmetsenap.se\/shop\/wp-json\/wp\/v2\/comments?post=2203"}],"wp:featuredmedia":[{"embeddable":true,"href":"https:\/\/gourmetsenap.se\/shop\/wp-json\/wp\/v2\/media\/2204"}],"wp:attachment":[{"href":"https:\/\/gourmetsenap.se\/shop\/wp-json\/wp\/v2\/media?parent=2203"}],"wp:term":[{"taxonomy":"product_brand","embeddable":true,"href":"https:\/\/gourmetsenap.se\/shop\/wp-json\/wp\/v2\/product_brand?post=2203"},{"taxonomy":"product_cat","embeddable":true,"href":"https:\/\/gourmetsenap.se\/shop\/wp-json\/wp\/v2\/product_cat?post=2203"},{"taxonomy":"product_tag","embeddable":true,"href":"https:\/\/gourmetsenap.se\/shop\/wp-json\/wp\/v2\/product_tag?post=2203"}],"curies":[{"name":"wp","href":"https:\/\/api.w.org\/{rel}","templated":true}]}}