{"id":2182,"date":"2021-03-23T22:51:32","date_gmt":"2021-03-23T21:51:32","guid":{"rendered":"https:\/\/gourmetsenap.se\/shop\/?post_type=product&#038;p=2182"},"modified":"2025-12-27T16:02:04","modified_gmt":"2025-12-27T15:02:04","slug":"presentforpackning-ostgota-gourmetsenap-i-akta-saltglaserad-stengodskrus","status":"publish","type":"product","link":"https:\/\/gourmetsenap.se\/shop\/product\/presentforpackning-ostgota-gourmetsenap-i-akta-saltglaserad-stengodskrus\/","title":{"rendered":"\u00d6stg\u00f6ta Gourmetsenap i exklusiv saltglaserat Stengodskrus"},"content":{"rendered":"<p>V\u00e4lj\u00a0 n\u00e5gon av v\u00e5ra 22 olika senapssorter i \u00e4kta saltglaserat stengodskrus som en trevlig presentid\u00e9<br \/>\neller f\u00f6r eget bruk.<br \/>\nFinns ocks\u00e5 som F\u00f6retagspresent i snygg tr\u00e4l\u00e5da med egen\u00a0 f\u00f6retagslogga. Beg\u00e4r offert!<br \/>\nInneh\u00e5ll : ca 250 &#8211; 300 g beroende p\u00e5 senapssort.<\/p>\n","protected":false},"excerpt":{"rendered":"<p>V\u00e4lj\u00a0 n\u00e5gon av v\u00e5ra 22 olika senapssorter i \u00e4kta saltglaserat stengodskrus som en trevlig presentid\u00e9 eller f\u00f6r eget bruk. Finns ocks\u00e5 som F\u00f6retagspresent i snygg tr\u00e4l\u00e5da med egen\u00a0 f\u00f6retagslogga. Beg\u00e4r offert! Inneh\u00e5ll : ca 250 &#8211; 300 g beroende p\u00e5 senapssort.<\/p>\n","protected":false},"featured_media":2183,"comment_status":"open","ping_status":"closed","template":"","meta":[],"product_brand":[],"product_cat":[19,20,31,22,21,53],"product_tag":[],"class_list":{"0":"post-2182","1":"product","2":"type-product","3":"status-publish","4":"has-post-thumbnail","6":"product_cat-egna-produkter","7":"product_cat-gourmetsenap","8":"product_cat-narodlat","9":"product_cat-narproducerat","10":"product_cat-ostgotasenap","11":"product_cat-presenter","13":"first","14":"instock","15":"taxable","16":"shipping-taxable","17":"purchasable","18":"product-type-simple"},"jetpack_sharing_enabled":true,"_links":{"self":[{"href":"https:\/\/gourmetsenap.se\/shop\/wp-json\/wp\/v2\/product\/2182","targetHints":{"allow":["GET"]}}],"collection":[{"href":"https:\/\/gourmetsenap.se\/shop\/wp-json\/wp\/v2\/product"}],"about":[{"href":"https:\/\/gourmetsenap.se\/shop\/wp-json\/wp\/v2\/types\/product"}],"replies":[{"embeddable":true,"href":"https:\/\/gourmetsenap.se\/shop\/wp-json\/wp\/v2\/comments?post=2182"}],"wp:featuredmedia":[{"embeddable":true,"href":"https:\/\/gourmetsenap.se\/shop\/wp-json\/wp\/v2\/media\/2183"}],"wp:attachment":[{"href":"https:\/\/gourmetsenap.se\/shop\/wp-json\/wp\/v2\/media?parent=2182"}],"wp:term":[{"taxonomy":"product_brand","embeddable":true,"href":"https:\/\/gourmetsenap.se\/shop\/wp-json\/wp\/v2\/product_brand?post=2182"},{"taxonomy":"product_cat","embeddable":true,"href":"https:\/\/gourmetsenap.se\/shop\/wp-json\/wp\/v2\/product_cat?post=2182"},{"taxonomy":"product_tag","embeddable":true,"href":"https:\/\/gourmetsenap.se\/shop\/wp-json\/wp\/v2\/product_tag?post=2182"}],"curies":[{"name":"wp","href":"https:\/\/api.w.org\/{rel}","templated":true}]}}