{"id":1826,"date":"2020-06-05T19:25:47","date_gmt":"2020-06-05T18:25:47","guid":{"rendered":"https:\/\/gourmetsenap.se\/shop\/?post_type=product&#038;p=1826"},"modified":"2025-10-19T11:51:24","modified_gmt":"2025-10-19T10:51:24","slug":"grillrubb","status":"publish","type":"product","link":"https:\/\/gourmetsenap.se\/shop\/product\/grillrubb\/","title":{"rendered":"Grillrubb"},"content":{"rendered":"<p><strong>Glutenfri!\u00a0 Laktosfri!\u00a0 \u00a0 \u00a0<\/strong><br \/>\n<strong>H\u00e5llbarhet:<\/strong><br \/>\n<em>Minst 18 m\u00e5nader i o\u00f6ppnad f\u00f6rpackning<br \/>\nF\u00f6rvaras i rumstemperatur\u00a0 och torrt!\u00a0 \u00a0 \u00a0<\/em><br \/>\n<strong>Ingredienser:<\/strong><br \/>\n<em>Flingsalt, paprika, peppar,<strong>SENAP; SELLERI<\/strong> ,chili, l\u00f6k, vitl\u00f6k\u00a0<\/em><\/p>\n","protected":false},"excerpt":{"rendered":"<p>Gourmet Grillrubb passar till allt k\u00f6tt som skall grillas.Gnid in k\u00f6ttbiten och klappa in kryddorna ordentlig i k\u00f6ttbiten. L\u00e5t vila g\u00e4rna 3-4 timmar i kylen, torka torrt och grilla. Mot slutet av grillningen pensla med Gourmet Grillglaze upprepade g\u00e5nger.<\/p>\n","protected":false},"featured_media":1832,"comment_status":"open","ping_status":"closed","template":"","meta":[],"product_brand":[],"product_cat":[19,36],"product_tag":[],"class_list":{"0":"post-1826","1":"product","2":"type-product","3":"status-publish","4":"has-post-thumbnail","6":"product_cat-egna-produkter","7":"product_cat-gourmetkryddor","9":"first","10":"instock","11":"sale","12":"taxable","13":"shipping-taxable","14":"purchasable","15":"product-type-simple"},"jetpack_sharing_enabled":true,"_links":{"self":[{"href":"https:\/\/gourmetsenap.se\/shop\/wp-json\/wp\/v2\/product\/1826","targetHints":{"allow":["GET"]}}],"collection":[{"href":"https:\/\/gourmetsenap.se\/shop\/wp-json\/wp\/v2\/product"}],"about":[{"href":"https:\/\/gourmetsenap.se\/shop\/wp-json\/wp\/v2\/types\/product"}],"replies":[{"embeddable":true,"href":"https:\/\/gourmetsenap.se\/shop\/wp-json\/wp\/v2\/comments?post=1826"}],"wp:featuredmedia":[{"embeddable":true,"href":"https:\/\/gourmetsenap.se\/shop\/wp-json\/wp\/v2\/media\/1832"}],"wp:attachment":[{"href":"https:\/\/gourmetsenap.se\/shop\/wp-json\/wp\/v2\/media?parent=1826"}],"wp:term":[{"taxonomy":"product_brand","embeddable":true,"href":"https:\/\/gourmetsenap.se\/shop\/wp-json\/wp\/v2\/product_brand?post=1826"},{"taxonomy":"product_cat","embeddable":true,"href":"https:\/\/gourmetsenap.se\/shop\/wp-json\/wp\/v2\/product_cat?post=1826"},{"taxonomy":"product_tag","embeddable":true,"href":"https:\/\/gourmetsenap.se\/shop\/wp-json\/wp\/v2\/product_tag?post=1826"}],"curies":[{"name":"wp","href":"https:\/\/api.w.org\/{rel}","templated":true}]}}