{"id":1770,"date":"2020-02-20T23:27:21","date_gmt":"2020-02-20T22:27:21","guid":{"rendered":"https:\/\/gourmetsenap.se\/shop\/?post_type=product&#038;p=1770"},"modified":"2025-03-07T00:09:06","modified_gmt":"2025-03-06T23:09:06","slug":"senapsfron-bruna","status":"publish","type":"product","link":"https:\/\/gourmetsenap.se\/shop\/product\/senapsfron-bruna\/","title":{"rendered":"Senapsfr\u00f6n, bruna (Brassica juncea)"},"content":{"rendered":"<p><em><strong>Glutenfri! Laktosfri!<\/strong><br \/>\n<\/em><strong>H\u00e5llbarhet<\/strong><em>:<br \/>\nMinst 2 \u00e5r i o\u00f6ppnad f\u00f6rpackning.<br \/>\nF\u00f6rvaras torrt och svalt!<br \/>\n<\/em><strong>Ingredienser: BRUNA SENAPSFR\u00d6N\u00a0 (Brassica juncea)<br \/>\n<\/strong><strong>N\u00e4ringsv\u00e4rde:<br \/>\n<\/strong>Energi: 2151 kJ\/518 kcal.<br \/>\nFett: 36.2 g. \u2013 Varav m\u00e4ttat fett: 2,0 g.<br \/>\nKolhydrat: 15,9 g varav sockerarter 6,8 g<br \/>\nProtein 26,1 g<br \/>\nSalt 0,03 g<\/p>\n<p>&nbsp;<\/p>\n","protected":false},"excerpt":{"rendered":"<p><strong>Bruna senapsfr\u00f6n(Brassica juncea).Lite starkare till bordssenap,inl\u00e4gningar \u00a0och senapsomslag<\/strong><\/p>\n","protected":false},"featured_media":1978,"comment_status":"open","ping_status":"closed","template":"","meta":[],"product_brand":[],"product_cat":[19,36,31,35],"product_tag":[],"class_list":{"0":"post-1770","1":"product","2":"type-product","3":"status-publish","4":"has-post-thumbnail","6":"product_cat-egna-produkter","7":"product_cat-gourmetkryddor","8":"product_cat-narodlat","9":"product_cat-osotat","11":"first","12":"instock","13":"taxable","14":"shipping-taxable","15":"purchasable","16":"product-type-simple"},"jetpack_sharing_enabled":true,"_links":{"self":[{"href":"https:\/\/gourmetsenap.se\/shop\/wp-json\/wp\/v2\/product\/1770","targetHints":{"allow":["GET"]}}],"collection":[{"href":"https:\/\/gourmetsenap.se\/shop\/wp-json\/wp\/v2\/product"}],"about":[{"href":"https:\/\/gourmetsenap.se\/shop\/wp-json\/wp\/v2\/types\/product"}],"replies":[{"embeddable":true,"href":"https:\/\/gourmetsenap.se\/shop\/wp-json\/wp\/v2\/comments?post=1770"}],"wp:featuredmedia":[{"embeddable":true,"href":"https:\/\/gourmetsenap.se\/shop\/wp-json\/wp\/v2\/media\/1978"}],"wp:attachment":[{"href":"https:\/\/gourmetsenap.se\/shop\/wp-json\/wp\/v2\/media?parent=1770"}],"wp:term":[{"taxonomy":"product_brand","embeddable":true,"href":"https:\/\/gourmetsenap.se\/shop\/wp-json\/wp\/v2\/product_brand?post=1770"},{"taxonomy":"product_cat","embeddable":true,"href":"https:\/\/gourmetsenap.se\/shop\/wp-json\/wp\/v2\/product_cat?post=1770"},{"taxonomy":"product_tag","embeddable":true,"href":"https:\/\/gourmetsenap.se\/shop\/wp-json\/wp\/v2\/product_tag?post=1770"}],"curies":[{"name":"wp","href":"https:\/\/api.w.org\/{rel}","templated":true}]}}