{"id":1637,"date":"2020-02-06T22:20:06","date_gmt":"2020-02-06T21:20:06","guid":{"rendered":"https:\/\/gourmetsenap.se\/shop\/?post_type=product&#038;p=1637"},"modified":"2024-10-27T19:55:14","modified_gmt":"2024-10-27T18:55:14","slug":"punschsenap","status":"publish","type":"product","link":"https:\/\/gourmetsenap.se\/shop\/product\/punschsenap\/","title":{"rendered":"Punschsenap"},"content":{"rendered":"<p><strong>H\u00e5llbarhet<\/strong>: Minst 18 m\u00e5n. i o\u00f6ppnat f\u00f6rpackning!<br \/>\n\u00d6ppnad f\u00f6rpackning hanteras som kylvara!<br \/>\n<strong>Ingredienser: <\/strong>Vatten,<strong>Senapsfr\u00f6n(gula och bruna<\/strong>)\u00e4ttika, salt kryddor, punscharom.<strong><br \/>\nN\u00e4ringsv\u00e4rde per 100g:<br \/>\n<\/strong>Energi KJ\u00a0 1052\/ Kcal 263<br \/>\nFett\u00a0 \u00a0 \u00a05,4g\u00a0 varav m\u00e4ttat\u00a0 \u00a0 0,2 g<br \/>\nKolhydrater\u00a0 39,5 g varav sockerarter\u00a0 35,5 g<br \/>\nProteiner\u00a0 \u00a0 \u00a0 \u00a0 \u00a05,75g<br \/>\nSalt\u00a0 \u00a0 \u00a0 \u00a0 \u00a0 \u00a0 \u00a0 \u00a0 \u00a0 \u00a0 \u00a02,0g<\/p>\n","protected":false},"excerpt":{"rendered":"<p><strong>S\u00f6t, sl\u00e4t punschsenap-god,<br \/>\ninte bara till \u00e4rtsoppan !<\/strong><\/p>\n","protected":false},"featured_media":1963,"comment_status":"open","ping_status":"closed","template":"","meta":[],"product_brand":[],"product_cat":[19,20,31,22],"product_tag":[],"class_list":{"0":"post-1637","1":"product","2":"type-product","3":"status-publish","4":"has-post-thumbnail","6":"product_cat-egna-produkter","7":"product_cat-gourmetsenap","8":"product_cat-narodlat","9":"product_cat-narproducerat","11":"first","12":"instock","13":"taxable","14":"shipping-taxable","15":"purchasable","16":"product-type-simple"},"jetpack_sharing_enabled":true,"_links":{"self":[{"href":"https:\/\/gourmetsenap.se\/shop\/wp-json\/wp\/v2\/product\/1637","targetHints":{"allow":["GET"]}}],"collection":[{"href":"https:\/\/gourmetsenap.se\/shop\/wp-json\/wp\/v2\/product"}],"about":[{"href":"https:\/\/gourmetsenap.se\/shop\/wp-json\/wp\/v2\/types\/product"}],"replies":[{"embeddable":true,"href":"https:\/\/gourmetsenap.se\/shop\/wp-json\/wp\/v2\/comments?post=1637"}],"wp:featuredmedia":[{"embeddable":true,"href":"https:\/\/gourmetsenap.se\/shop\/wp-json\/wp\/v2\/media\/1963"}],"wp:attachment":[{"href":"https:\/\/gourmetsenap.se\/shop\/wp-json\/wp\/v2\/media?parent=1637"}],"wp:term":[{"taxonomy":"product_brand","embeddable":true,"href":"https:\/\/gourmetsenap.se\/shop\/wp-json\/wp\/v2\/product_brand?post=1637"},{"taxonomy":"product_cat","embeddable":true,"href":"https:\/\/gourmetsenap.se\/shop\/wp-json\/wp\/v2\/product_cat?post=1637"},{"taxonomy":"product_tag","embeddable":true,"href":"https:\/\/gourmetsenap.se\/shop\/wp-json\/wp\/v2\/product_tag?post=1637"}],"curies":[{"name":"wp","href":"https:\/\/api.w.org\/{rel}","templated":true}]}}