{"id":1635,"date":"2020-02-06T22:00:17","date_gmt":"2020-02-06T21:00:17","guid":{"rendered":"https:\/\/gourmetsenap.se\/shop\/?post_type=product&#038;p=1635"},"modified":"2025-10-19T11:07:38","modified_gmt":"2025-10-19T10:07:38","slug":"wasabisenap","status":"publish","type":"product","link":"https:\/\/gourmetsenap.se\/shop\/product\/wasabisenap\/","title":{"rendered":"Wasabisenap"},"content":{"rendered":"<p><strong><em>Glutenfri!\u00a0 Laktosfri!<\/em><br \/>\nH\u00e5llbarhet:<br \/>\n<em>Minst 18 m\u00e5nader i o\u00f6ppnad f\u00f6rpackning<br \/>\n\u00d6ppnad burk hanteras som kylvara!<\/em><br \/>\nIngredienser:<br \/>\n<\/strong><em>Vatten<\/em><strong><em>,<\/em><em>Senapsfr\u00f6n(gula och bruna)<\/em><\/strong><em>w<\/em><em>asabi, pepparrot, \u00e4ttika, salt kryddor, \u00a0<\/em> \u00a0 \u00a0 \u00a0<strong><br \/>\n<\/strong><strong>N\u00e4ringsv\u00e4rde per 100g:<br \/>\nEnergi: <em>KJ\u00a0 678 \/ Kcal 165<\/em><br \/>\n<em>Fett\u00a0 10,2g\u00a0 \u00a0 \u00a0 varav m\u00e4ttat\u00a0 \u00a0 0,2 g<br \/>\nKolhydrater\u00a0 \u00a09,5 g\u00a0 \u00a0varav sockerarter\u00a0 1,5 g<br \/>\nProteiner\u00a0 \u00a0 \u00a0 \u00a07,35g<\/em><br \/>\n<em>Salt\u00a0 \u00a0 \u00a0 \u00a0 \u00a0 \u00a0 \u00a0 \u00a0 \u00a02,0g \u00a0 \u00a0 \u00a0 \u00a0 \u00a0 \u00a0 \u00a0 \u00a0 \u00a0 \u00a0 \u00a0 \u00a0 \u00a0 \u00a0 \u00a0 \u00a0 \u00a0 \u00a0 \u00a0 \u00a0 \u00a0<\/em> \u00a0 \u00a0 \u00a0 \u00a0 \u00a0 \u00a0 \u00a0 \u00a0 \u00a0 \u00a0 \u00a0 \u00a0 \u00a0 \u00a0 \u00a0 \u00a0 \u00a0 \u00a0 \u00a0 \u00a0 \u00a0 \u00a0 I<\/strong><\/p>\n","protected":false},"excerpt":{"rendered":"<p><strong>\u00a0Wasabisenap till Shushin och gravad fisk!<br \/>\n<\/strong><strong>Stark, sl\u00e4t senap<br \/>\nmed \u00e4kta egenimporterad <\/strong><strong>japansk wasabi!<br \/>\nBegr\u00e4nsad upplaga!<\/strong><\/p>\n","protected":false},"featured_media":1571,"comment_status":"open","ping_status":"closed","template":"","meta":[],"product_brand":[],"product_cat":[19,20,31,22,35],"product_tag":[],"class_list":{"0":"post-1635","1":"product","2":"type-product","3":"status-publish","4":"has-post-thumbnail","6":"product_cat-egna-produkter","7":"product_cat-gourmetsenap","8":"product_cat-narodlat","9":"product_cat-narproducerat","10":"product_cat-osotat","12":"first","13":"instock","14":"taxable","15":"shipping-taxable","16":"purchasable","17":"product-type-simple"},"jetpack_sharing_enabled":true,"_links":{"self":[{"href":"https:\/\/gourmetsenap.se\/shop\/wp-json\/wp\/v2\/product\/1635","targetHints":{"allow":["GET"]}}],"collection":[{"href":"https:\/\/gourmetsenap.se\/shop\/wp-json\/wp\/v2\/product"}],"about":[{"href":"https:\/\/gourmetsenap.se\/shop\/wp-json\/wp\/v2\/types\/product"}],"replies":[{"embeddable":true,"href":"https:\/\/gourmetsenap.se\/shop\/wp-json\/wp\/v2\/comments?post=1635"}],"wp:featuredmedia":[{"embeddable":true,"href":"https:\/\/gourmetsenap.se\/shop\/wp-json\/wp\/v2\/media\/1571"}],"wp:attachment":[{"href":"https:\/\/gourmetsenap.se\/shop\/wp-json\/wp\/v2\/media?parent=1635"}],"wp:term":[{"taxonomy":"product_brand","embeddable":true,"href":"https:\/\/gourmetsenap.se\/shop\/wp-json\/wp\/v2\/product_brand?post=1635"},{"taxonomy":"product_cat","embeddable":true,"href":"https:\/\/gourmetsenap.se\/shop\/wp-json\/wp\/v2\/product_cat?post=1635"},{"taxonomy":"product_tag","embeddable":true,"href":"https:\/\/gourmetsenap.se\/shop\/wp-json\/wp\/v2\/product_tag?post=1635"}],"curies":[{"name":"wp","href":"https:\/\/api.w.org\/{rel}","templated":true}]}}