{"id":1634,"date":"2020-02-06T21:49:43","date_gmt":"2020-02-06T20:49:43","guid":{"rendered":"https:\/\/gourmetsenap.se\/shop\/?post_type=product&#038;p=1634"},"modified":"2025-03-04T07:47:22","modified_gmt":"2025-03-04T06:47:22","slug":"akta-tryffelsenap-med-honung-och-cognac","status":"publish","type":"product","link":"https:\/\/gourmetsenap.se\/shop\/product\/akta-tryffelsenap-med-honung-och-cognac\/","title":{"rendered":"\u00c4kta tryffelsenap med honung och cognac"},"content":{"rendered":"<p><strong>Glutenfri! Laktosfri!<br \/>\n<\/strong><strong>H\u00e5llbarhet: Minst 18 m\u00e5nader i o\u00f6ppnad f\u00f6rpackning<br \/>\nVinner p\u00e5 Lagring . \u00d6ppnad burk hanteras som kylvara!<br \/>\n<\/strong><strong><br \/>\nIngredienser:<\/strong>Vatten<strong>,Senapsfr\u00f6n(gula och bruna)<\/strong>\u00e4ttika, salt kryddor, cognac.\u00a0 \u00a0 \u00a0 \u00a0<strong>\u00a0 \u00a0 \u00a0 \u00a0 \u00a0 \u00a0 \u00a0 \u00a0 \u00a0 \u00a0 \u00a0 \u00a0 \u00a0 \u00a0 \u00a0 \u00a0 \u00a0 \u00a0 \u00a0 \u00a0 N\u00e4ringsv\u00e4rde per 100g:<br \/>\nEnergi KJ\u00a0 652\/ Kcal 163<br \/>\n<\/strong>Fett\u00a0 \u00a06,1g\u00a0 varav m\u00e4ttat\u00a0 \u00a0 0,2 g<br \/>\nKolhydrater\u00a0 21,5 g varav sockerarter\u00a0 5,5 g,<br \/>\nProteiner 5,4g ,<br \/>\nSalt 1,9 g,<br \/>\nAlcohol 1g<\/p>\n","protected":false},"excerpt":{"rendered":"<p><strong>\u00c4kta tryffelsenap med honung och fransk cognac f\u00f6r <\/strong><b>avancerad gourmetmatlagning!<br \/>\n<strong>Lagrat i 3 m\u00e5nader!<br \/>\n<\/strong><\/b><b><strong> Numererat upplaga!<\/strong><br \/>\n<\/b><\/p>\n","protected":false},"featured_media":1977,"comment_status":"open","ping_status":"closed","template":"","meta":[],"product_brand":[],"product_cat":[19,20,31,22],"product_tag":[],"class_list":{"0":"post-1634","1":"product","2":"type-product","3":"status-publish","4":"has-post-thumbnail","6":"product_cat-egna-produkter","7":"product_cat-gourmetsenap","8":"product_cat-narodlat","9":"product_cat-narproducerat","11":"first","12":"instock","13":"taxable","14":"shipping-taxable","15":"purchasable","16":"product-type-simple"},"jetpack_sharing_enabled":true,"_links":{"self":[{"href":"https:\/\/gourmetsenap.se\/shop\/wp-json\/wp\/v2\/product\/1634","targetHints":{"allow":["GET"]}}],"collection":[{"href":"https:\/\/gourmetsenap.se\/shop\/wp-json\/wp\/v2\/product"}],"about":[{"href":"https:\/\/gourmetsenap.se\/shop\/wp-json\/wp\/v2\/types\/product"}],"replies":[{"embeddable":true,"href":"https:\/\/gourmetsenap.se\/shop\/wp-json\/wp\/v2\/comments?post=1634"}],"wp:featuredmedia":[{"embeddable":true,"href":"https:\/\/gourmetsenap.se\/shop\/wp-json\/wp\/v2\/media\/1977"}],"wp:attachment":[{"href":"https:\/\/gourmetsenap.se\/shop\/wp-json\/wp\/v2\/media?parent=1634"}],"wp:term":[{"taxonomy":"product_brand","embeddable":true,"href":"https:\/\/gourmetsenap.se\/shop\/wp-json\/wp\/v2\/product_brand?post=1634"},{"taxonomy":"product_cat","embeddable":true,"href":"https:\/\/gourmetsenap.se\/shop\/wp-json\/wp\/v2\/product_cat?post=1634"},{"taxonomy":"product_tag","embeddable":true,"href":"https:\/\/gourmetsenap.se\/shop\/wp-json\/wp\/v2\/product_tag?post=1634"}],"curies":[{"name":"wp","href":"https:\/\/api.w.org\/{rel}","templated":true}]}}