{"id":1628,"date":"2020-02-06T20:38:46","date_gmt":"2020-02-06T19:38:46","guid":{"rendered":"https:\/\/gourmetsenap.se\/shop\/?post_type=product&#038;p=1628"},"modified":"2024-10-27T19:55:15","modified_gmt":"2024-10-27T18:55:15","slug":"skansk-akvavitsenap","status":"publish","type":"product","link":"https:\/\/gourmetsenap.se\/shop\/product\/skansk-akvavitsenap\/","title":{"rendered":"Sk\u00e5nsk akvavitsenap"},"content":{"rendered":"<p>Inneh\u00e5ller 200g<br \/>\n<strong>Grov,kryddig,rund,lagrad med akvavit<br \/>\nGlutenfri! Os\u00f6tad! Vinner p\u00e5 lagring !<br \/>\nH\u00e5llbarhet: Minst 18 m\u00e5nader i o\u00f6ppnad f\u00f6rpackning<br \/>\n\u00d6ppnad burk hanteras som kylvara.<br \/>\n<\/strong><strong>Ingredienser:<\/strong>Vatten, <strong>Senapsfr\u00f6n(gula och bruna) <\/strong>\u00e4ttika, salt, kryddor,Sk\u00e5nebr\u00e4nnvin<\/p>\n<p><strong>N\u00e4ringsv\u00e4rde per 100g:<br \/>\nEnergi KJ\u00a0 887 Energi Kcal 213<br \/>\n<\/strong>Fett\u00a0 8,7 g varav m\u00e4ttat 0,2g<br \/>\nKolhydrater\u00a0 \u00a025,0 g varav sockerarter 20,0g<br \/>\nProteiner\u00a0 \u00a0 \u00a0 \u00a0 6,9 g<br \/>\nSalt\u00a0 \u00a0 \u00a0 \u00a0 2, 3 g<br \/>\nAlcohol 1 g<\/p>\n<p>&nbsp;<\/p>\n","protected":false},"excerpt":{"rendered":"<p><strong>Rund och smakfull med inslag av akvavit, kummin,anis och f\u00e4nk\u00e5l! Os\u00f6tat!<\/strong><\/p>\n","protected":false},"featured_media":1980,"comment_status":"open","ping_status":"closed","template":"","meta":[],"product_brand":[],"product_cat":[19,20,31,22,35],"product_tag":[],"class_list":{"0":"post-1628","1":"product","2":"type-product","3":"status-publish","4":"has-post-thumbnail","6":"product_cat-egna-produkter","7":"product_cat-gourmetsenap","8":"product_cat-narodlat","9":"product_cat-narproducerat","10":"product_cat-osotat","12":"first","13":"instock","14":"taxable","15":"shipping-taxable","16":"purchasable","17":"product-type-simple"},"jetpack_sharing_enabled":true,"_links":{"self":[{"href":"https:\/\/gourmetsenap.se\/shop\/wp-json\/wp\/v2\/product\/1628","targetHints":{"allow":["GET"]}}],"collection":[{"href":"https:\/\/gourmetsenap.se\/shop\/wp-json\/wp\/v2\/product"}],"about":[{"href":"https:\/\/gourmetsenap.se\/shop\/wp-json\/wp\/v2\/types\/product"}],"replies":[{"embeddable":true,"href":"https:\/\/gourmetsenap.se\/shop\/wp-json\/wp\/v2\/comments?post=1628"}],"wp:featuredmedia":[{"embeddable":true,"href":"https:\/\/gourmetsenap.se\/shop\/wp-json\/wp\/v2\/media\/1980"}],"wp:attachment":[{"href":"https:\/\/gourmetsenap.se\/shop\/wp-json\/wp\/v2\/media?parent=1628"}],"wp:term":[{"taxonomy":"product_brand","embeddable":true,"href":"https:\/\/gourmetsenap.se\/shop\/wp-json\/wp\/v2\/product_brand?post=1628"},{"taxonomy":"product_cat","embeddable":true,"href":"https:\/\/gourmetsenap.se\/shop\/wp-json\/wp\/v2\/product_cat?post=1628"},{"taxonomy":"product_tag","embeddable":true,"href":"https:\/\/gourmetsenap.se\/shop\/wp-json\/wp\/v2\/product_tag?post=1628"}],"curies":[{"name":"wp","href":"https:\/\/api.w.org\/{rel}","templated":true}]}}