{"id":115,"date":"2019-07-22T14:04:06","date_gmt":"2019-07-22T13:04:06","guid":{"rendered":"http:\/\/gourmetsenap.se\/shop\/?post_type=product&#038;p=115"},"modified":"2024-10-27T20:11:47","modified_gmt":"2024-10-27T19:11:47","slug":"fransk-taffelsenap-med-dragon","status":"publish","type":"product","link":"https:\/\/gourmetsenap.se\/shop\/product\/fransk-taffelsenap-med-dragon\/","title":{"rendered":"Fransk Taffelsenap med Dragon"},"content":{"rendered":"<p><strong>H\u00e5llbarhet:<\/strong><em> O\u00f6ppnad f\u00f6rpackning minst 18 m\u00e5n!<br \/>\n\u00d6ppnad f\u00f6rpackning hanteras som kylvara!<br \/>\n<\/em><strong>Ingredienser:<\/strong><em>Vatten,<strong>Senapsfr\u00f6n(gula och bruna<\/strong>) Vittvin, salt, kryddor<br \/>\n<\/em><strong>N\u00e4ringsv\u00e4rde per 100g:<br \/>\n<\/strong><em><strong>Energi:<\/strong> KJ\u00a0 390\/ Kcal\u00a0 93,4<br \/>\nFett\u00a0 \u00a0 \u00a0 5,0 g varav m\u00e4ttat 0,2g<br \/>\nKolhydrater\u00a0\u00a0\u00a0\u00a0 5,3 g\u00a0 varav sockerarter 0,2 g<br \/>\nProteiner\u00a0 \u00a0 \u00a0 \u00a0 \u00a0 \u00a06,0 g<br \/>\nSalt\u00a0 \u00a0 \u00a0 \u00a0 \u00a0 \u00a0 \u00a0 \u00a0 \u00a0 \u00a0 \u00a02,4 g<\/em><\/p>\n<table border=\"0\" width=\"209\" cellspacing=\"0\" cellpadding=\"0\">\n<colgroup>\n<col width=\"209\" \/><\/colgroup>\n<tbody>\n<tr>\n<td class=\"xl68\" width=\"209\" height=\"33\">&nbsp;<\/p>\n<p>&nbsp;<\/td>\n<\/tr>\n<\/tbody>\n<\/table>\n<table border=\"0\" width=\"209\" cellspacing=\"0\" cellpadding=\"0\">\n<colgroup>\n<col width=\"209\" \/><\/colgroup>\n<tbody>\n<tr>\n<td class=\"xl68\" width=\"209\" height=\"33\"><\/td>\n<\/tr>\n<tr>\n<td class=\"xl65\" height=\"33\"><\/td>\n<\/tr>\n<tr>\n<td class=\"xl66\" height=\"33\"><\/td>\n<\/tr>\n<tr>\n<td class=\"xl66\" height=\"33\"><\/td>\n<\/tr>\n<tr>\n<td class=\"xl67\" height=\"33\"><\/td>\n<\/tr>\n<tr>\n<td class=\"xl66\" height=\"33\"><\/td>\n<\/tr>\n<tr>\n<td class=\"xl66\" height=\"33\"><\/td>\n<\/tr>\n<tr>\n<td class=\"xl66\" height=\"27\"><\/td>\n<\/tr>\n<tr>\n<td class=\"xl66\" height=\"27\"><\/td>\n<\/tr>\n<\/tbody>\n<\/table>\n<table border=\"0\" width=\"241\" cellspacing=\"0\" cellpadding=\"0\">\n<colgroup>\n<col width=\"241\" \/><\/colgroup>\n<tbody>\n<tr>\n<td class=\"xl65\" width=\"241\" height=\"33\"><\/td>\n<\/tr>\n<tr>\n<td class=\"xl66\" height=\"33\"><\/td>\n<\/tr>\n<tr>\n<td class=\"xl65\" height=\"27\"><\/td>\n<\/tr>\n<tr>\n<td class=\"xl66\" height=\"27\"><\/td>\n<\/tr>\n<\/tbody>\n<\/table>\n","protected":false},"excerpt":{"rendered":"<p><strong><em>Dijontyp med inslag av dragon, <\/em><\/strong><strong><em>ljus, sl\u00e4t, stark ,os\u00f6tad och ren i smaken,<br \/>\nelegant som den fransman den \u00e4r!<br \/>\nEtt m\u00e5ste i bearnaisen, majon\u00e4sen samt \u00f6vrig fransk matlagning<\/em><\/strong><\/p>\n","protected":false},"featured_media":1985,"comment_status":"open","ping_status":"closed","template":"","meta":[],"product_brand":[],"product_cat":[19,20,31,22,35],"product_tag":[34,30],"class_list":{"0":"post-115","1":"product","2":"type-product","3":"status-publish","4":"has-post-thumbnail","6":"product_cat-egna-produkter","7":"product_cat-gourmetsenap","8":"product_cat-narodlat","9":"product_cat-narproducerat","10":"product_cat-osotat","11":"product_tag-glutenfri","12":"product_tag-gourmetsenap","14":"first","15":"instock","16":"taxable","17":"shipping-taxable","18":"purchasable","19":"product-type-simple"},"jetpack_sharing_enabled":true,"_links":{"self":[{"href":"https:\/\/gourmetsenap.se\/shop\/wp-json\/wp\/v2\/product\/115","targetHints":{"allow":["GET"]}}],"collection":[{"href":"https:\/\/gourmetsenap.se\/shop\/wp-json\/wp\/v2\/product"}],"about":[{"href":"https:\/\/gourmetsenap.se\/shop\/wp-json\/wp\/v2\/types\/product"}],"replies":[{"embeddable":true,"href":"https:\/\/gourmetsenap.se\/shop\/wp-json\/wp\/v2\/comments?post=115"}],"wp:featuredmedia":[{"embeddable":true,"href":"https:\/\/gourmetsenap.se\/shop\/wp-json\/wp\/v2\/media\/1985"}],"wp:attachment":[{"href":"https:\/\/gourmetsenap.se\/shop\/wp-json\/wp\/v2\/media?parent=115"}],"wp:term":[{"taxonomy":"product_brand","embeddable":true,"href":"https:\/\/gourmetsenap.se\/shop\/wp-json\/wp\/v2\/product_brand?post=115"},{"taxonomy":"product_cat","embeddable":true,"href":"https:\/\/gourmetsenap.se\/shop\/wp-json\/wp\/v2\/product_cat?post=115"},{"taxonomy":"product_tag","embeddable":true,"href":"https:\/\/gourmetsenap.se\/shop\/wp-json\/wp\/v2\/product_tag?post=115"}],"curies":[{"name":"wp","href":"https:\/\/api.w.org\/{rel}","templated":true}]}}