{"id":109,"date":"2019-07-22T13:55:44","date_gmt":"2019-07-22T12:55:44","guid":{"rendered":"http:\/\/gourmetsenap.se\/shop\/?post_type=product&#038;p=109"},"modified":"2025-12-27T16:04:54","modified_gmt":"2025-12-27T15:04:54","slug":"gravlaxsas-med-rosepeppar","status":"publish","type":"product","link":"https:\/\/gourmetsenap.se\/shop\/product\/gravlaxsas-med-rosepeppar\/","title":{"rendered":"Gravlaxs\u00e5s med ros\u00e9peppar"},"content":{"rendered":"<p><strong>H\u00e5llbarhet:<\/strong>12 m\u00e5n i o\u00f6ppnad f\u00f6rpackning.<br \/>\n\u00d6ppnat f\u00f6rpackning hanteras som kylvara!<br \/>\nGlutenfri!Laktosfri! \u00c4ggfri!<br \/>\n<strong>Ingredienser:<\/strong><em>Rapsolja<strong>,SENAPSFR\u00d6N<\/strong>(gula och bruna)honung, vatten, \u00e4ttika, salt kryddor<br \/>\n<\/em><strong>N\u00e4ringsv\u00e4rde per 100g<\/strong><em>:<br \/>\n<strong>Energi<\/strong> KJ\u00a0 1348\/ Kcal 337<br \/>\nFett\u00a0 \u00a0 \u00a027,1g varav m\u00e4ttat 2,0 g<br \/>\nKolhydrater\u00a0 20,5 g\u00a0 varav sockerarter 18,0 g<br \/>\nProteiner\u00a0\u00a0\u00a0\u00a0\u00a0\u00a0\u00a0\u00a0 2,35g<br \/>\nSalt\u00a0 \u00a0 \u00a0 \u00a0 \u00a0 \u00a0 \u00a0 \u00a0 \u00a0 \u00a02,0 g<\/em><\/p>\n<table border=\"0\" width=\"209\" cellspacing=\"0\" cellpadding=\"0\">\n<colgroup>\n<col width=\"209\" \/><\/colgroup>\n<tbody>\n<tr>\n<td class=\"xl65\" width=\"209\" height=\"27\"><\/td>\n<\/tr>\n<tr>\n<td class=\"xl66\" height=\"27\"><\/td>\n<\/tr>\n<tr>\n<td class=\"xl67\" height=\"27\"><\/td>\n<\/tr>\n<tr>\n<td class=\"xl67\" height=\"27\"><\/td>\n<\/tr>\n<tr>\n<td class=\"xl67\" height=\"27\"><\/td>\n<\/tr>\n<tr>\n<td class=\"xl67\" height=\"27\"><\/td>\n<\/tr>\n<tr>\n<td class=\"xl67\" height=\"27\"><\/td>\n<\/tr>\n<tr>\n<td class=\"xl67\" height=\"27\"><\/td>\n<\/tr>\n<tr>\n<td class=\"xl67\" height=\"27\"><\/td>\n<\/tr>\n<\/tbody>\n<\/table>\n<p>&nbsp;<\/p>\n","protected":false},"excerpt":{"rendered":"<p><strong>\u00c4kta hovm\u00e4stares\u00e5s med Ros\u00e9peppar,monterat med Fr\u00f6\u00f6 G\u00e5rds Rapsolja fr\u00e5n Norsholm<br \/>\nSj\u00e4lvklar till all gravad fisk men ocks\u00e5 en bas till delikata salladsdressingar!<\/strong><\/p>\n","protected":false},"featured_media":1969,"comment_status":"open","ping_status":"closed","template":"","meta":[],"product_brand":[],"product_cat":[19,32,31,22],"product_tag":[],"class_list":{"0":"post-109","1":"product","2":"type-product","3":"status-publish","4":"has-post-thumbnail","6":"product_cat-egna-produkter","7":"product_cat-gourmetsaser","8":"product_cat-narodlat","9":"product_cat-narproducerat","11":"first","12":"outofstock","13":"taxable","14":"shipping-taxable","15":"purchasable","16":"product-type-simple"},"jetpack_sharing_enabled":true,"_links":{"self":[{"href":"https:\/\/gourmetsenap.se\/shop\/wp-json\/wp\/v2\/product\/109","targetHints":{"allow":["GET"]}}],"collection":[{"href":"https:\/\/gourmetsenap.se\/shop\/wp-json\/wp\/v2\/product"}],"about":[{"href":"https:\/\/gourmetsenap.se\/shop\/wp-json\/wp\/v2\/types\/product"}],"replies":[{"embeddable":true,"href":"https:\/\/gourmetsenap.se\/shop\/wp-json\/wp\/v2\/comments?post=109"}],"wp:featuredmedia":[{"embeddable":true,"href":"https:\/\/gourmetsenap.se\/shop\/wp-json\/wp\/v2\/media\/1969"}],"wp:attachment":[{"href":"https:\/\/gourmetsenap.se\/shop\/wp-json\/wp\/v2\/media?parent=109"}],"wp:term":[{"taxonomy":"product_brand","embeddable":true,"href":"https:\/\/gourmetsenap.se\/shop\/wp-json\/wp\/v2\/product_brand?post=109"},{"taxonomy":"product_cat","embeddable":true,"href":"https:\/\/gourmetsenap.se\/shop\/wp-json\/wp\/v2\/product_cat?post=109"},{"taxonomy":"product_tag","embeddable":true,"href":"https:\/\/gourmetsenap.se\/shop\/wp-json\/wp\/v2\/product_tag?post=109"}],"curies":[{"name":"wp","href":"https:\/\/api.w.org\/{rel}","templated":true}]}}