{"id":100,"date":"2019-07-21T17:13:56","date_gmt":"2019-07-21T16:13:56","guid":{"rendered":"http:\/\/gourmetsenap.se\/shop\/?post_type=product&#038;p=100"},"modified":"2025-01-29T17:57:45","modified_gmt":"2025-01-29T16:57:45","slug":"bayersk-delikatessenap","status":"publish","type":"product","link":"https:\/\/gourmetsenap.se\/shop\/product\/bayersk-delikatessenap\/","title":{"rendered":"Bayersk delikatessenap"},"content":{"rendered":"<p><strong>Glutenfri!Laktosfri!<br \/>\n<em>Minst 18 m\u00e5nader i o\u00f6ppnad f\u00f6rpackning.<br \/>\n<\/em><em>\u00d6ppnad burk hanteras som kylvara!\u00a0 \u00a0 \u00a0 \u00a0 \u00a0 \u00a0<\/em><br \/>\nIngredienser:<br \/>\n<\/strong><em>Vatten<\/em><strong><em>,<\/em>Senapsfr\u00f6n(gula och bruna<em>)<\/em><\/strong><em>\u00e4ttika, salt kryddor,<\/em><strong><br \/>\nN\u00e4ringsv\u00e4rde per 100g:<br \/>\n<\/strong><em>Energi KJ\u00a0 1052 Energi Kcal 263<\/em><br \/>\n<em>Fett 5,4g\u00a0 \u00a0varav m\u00e4ttat\u00a0 \u00a0 0,2 g\u00a0 \u00a0 \u00a0 \u00a0 \u00a0 \u00a0 \u00a0 \u00a0 \u00a0 \u00a0 \u00a0 \u00a0 \u00a0 \u00a0 \u00a0 \u00a0 \u00a0 \u00a0 \u00a0 \u00a0 \u00a0 \u00a0 \u00a0 \u00a0 \u00a0 \u00a0 \u00a0 \u00a0 \u00a0 \u00a0 \u00a0 \u00a0 \u00a0 \u00a0 \u00a0 \u00a0 \u00a0 \u00a0 \u00a0 \u00a0 \u00a0 \u00a0 \u00a0 \u00a0 \u00a0 \u00a0 \u00a0 \u00a0 \u00a0 \u00a0 \u00a0 \u00a0 \u00a0 \u00a0 \u00a0 \u00a0 \u00a0 \u00a0 \u00a0 \u00a0 \u00a0 \u00a0 \u00a0 \u00a0 \u00a0 \u00a0 \u00a0 \u00a0 \u00a0 \u00a0 \u00a0 \u00a0 \u00a0 \u00a0 \u00a0 \u00a0 \u00a0 \u00a0 \u00a0 Kolhydrater 39,5 g varav sockerarter\u00a0 35,5 g\u00a0 \u00a0 \u00a0 \u00a0 \u00a0 \u00a0 \u00a0 \u00a0 \u00a0 \u00a0 \u00a0 \u00a0 \u00a0 \u00a0 \u00a0 \u00a0 \u00a0 \u00a0 \u00a0 \u00a0 \u00a0 \u00a0 \u00a0 \u00a0 \u00a0 \u00a0 \u00a0 \u00a0 \u00a0 \u00a0 \u00a0 \u00a0 \u00a0 \u00a0 \u00a0 \u00a0 \u00a0 \u00a0 \u00a0 \u00a0 \u00a0 \u00a0 \u00a0 \u00a0 \u00a0 \u00a0 \u00a0 \u00a0 \u00a0 \u00a0 \u00a0 \u00a0 \u00a0 \u00a0 \u00a0 \u00a0 \u00a0 \u00a0 \u00a0 \u00a0 \u00a0 \u00a0 \u00a0 \u00a0 \u00a0 Proteiner\u00a0\u00a0\u00a05,75g<\/em><br \/>\n<em>Salt\u00a0 \u00a0 \u00a0 \u00a0 \u00a0 \u00a0 \u00a0 2,0g<\/em><\/p>\n<table class=\"t1\" cellspacing=\"0\" cellpadding=\"0\">\n<tbody>\n<tr>\n<td class=\"td1\" valign=\"middle\"><\/td>\n<\/tr>\n<tr>\n<td class=\"td2\" valign=\"middle\"><\/td>\n<\/tr>\n<tr>\n<td class=\"td2\" valign=\"middle\"><\/td>\n<\/tr>\n<tr>\n<td class=\"td2\" valign=\"middle\"><\/td>\n<\/tr>\n<tr>\n<td class=\"td2\" valign=\"middle\"><\/td>\n<\/tr>\n<tr>\n<td class=\"td2\" valign=\"middle\"><\/td>\n<\/tr>\n<tr>\n<td class=\"td2\" valign=\"middle\"><\/td>\n<\/tr>\n<tr>\n<td class=\"td2\" valign=\"middle\">\n<p class=\"p1\">\n<\/td>\n<\/tr>\n<\/tbody>\n<\/table>\n<p><strong>\u00a0<\/strong><\/p>\n<p>&nbsp;<\/p>\n<p><strong>H\u00e5llbarhet:<\/strong> Minst 18 m\u00e5nader<\/p>\n","protected":false},"excerpt":{"rendered":"<p><strong>Grov, s\u00f6t och stark! Delikat!<br \/>\nS\u00f6tad med farinsocker och hemlig kryddning ger den typiska runda och fylliga smaken!<br \/>\nPerfekt till kokt och grillad korv, skinkan och kalla s\u00e5ser! (se v\u00e5ra recept)<\/strong><\/p>\n","protected":false},"featured_media":1984,"comment_status":"open","ping_status":"closed","template":"","meta":[],"product_brand":[],"product_cat":[19,20,31,22],"product_tag":[],"class_list":{"0":"post-100","1":"product","2":"type-product","3":"status-publish","4":"has-post-thumbnail","6":"product_cat-egna-produkter","7":"product_cat-gourmetsenap","8":"product_cat-narodlat","9":"product_cat-narproducerat","11":"first","12":"instock","13":"taxable","14":"shipping-taxable","15":"purchasable","16":"product-type-simple"},"jetpack_sharing_enabled":true,"_links":{"self":[{"href":"https:\/\/gourmetsenap.se\/shop\/wp-json\/wp\/v2\/product\/100","targetHints":{"allow":["GET"]}}],"collection":[{"href":"https:\/\/gourmetsenap.se\/shop\/wp-json\/wp\/v2\/product"}],"about":[{"href":"https:\/\/gourmetsenap.se\/shop\/wp-json\/wp\/v2\/types\/product"}],"replies":[{"embeddable":true,"href":"https:\/\/gourmetsenap.se\/shop\/wp-json\/wp\/v2\/comments?post=100"}],"wp:featuredmedia":[{"embeddable":true,"href":"https:\/\/gourmetsenap.se\/shop\/wp-json\/wp\/v2\/media\/1984"}],"wp:attachment":[{"href":"https:\/\/gourmetsenap.se\/shop\/wp-json\/wp\/v2\/media?parent=100"}],"wp:term":[{"taxonomy":"product_brand","embeddable":true,"href":"https:\/\/gourmetsenap.se\/shop\/wp-json\/wp\/v2\/product_brand?post=100"},{"taxonomy":"product_cat","embeddable":true,"href":"https:\/\/gourmetsenap.se\/shop\/wp-json\/wp\/v2\/product_cat?post=100"},{"taxonomy":"product_tag","embeddable":true,"href":"https:\/\/gourmetsenap.se\/shop\/wp-json\/wp\/v2\/product_tag?post=100"}],"curies":[{"name":"wp","href":"https:\/\/api.w.org\/{rel}","templated":true}]}}