{"id":3,"date":"2019-06-28T21:36:23","date_gmt":"2019-06-28T21:36:23","guid":{"rendered":"http:\/\/gourmetsenap.se\/shop\/?page_id=3"},"modified":"2025-04-21T10:59:16","modified_gmt":"2025-04-21T09:59:16","slug":"privacy-policy","status":"publish","type":"page","link":"https:\/\/gourmetsenap.se\/shop\/startsida\/privacy-policy\/","title":{"rendered":"Personuppgiftspolicy"},"content":{"rendered":"\n<h2 class=\"wp-block-heading\">Vilka \u00e4r vi<\/h2>\n\n\n\n<p>I denna policy kallas \u00d6stg\u00f6ta Gourmetsenap AB, Orgnr: 559043-2000 f\u00f6r\u00a0<em>\u00d6GSAB<\/em>\u00a0och \u00e4r personuppgiftsansvarig medan du eller ditt f\u00f6retag kallas f\u00f6r\u00a0<em>anv\u00e4ndaren\u00a0<\/em>eller\u00a0<em>kunden<\/em>.\u00a0<\/p>\n\n\n\n<p>\u00d6GSAB ansvarar f\u00f6r samtliga uppgifter som du l\u00e4mnar i kontakt med oss vilket kan vara p\u00e5 hemsidan, via telefon, epost, chat eller annat s\u00e4tt.<\/p>\n\n\n\n<p>Vi g\u00e5r att n\u00e5 p\u00e5 f\u00f6ljande s\u00e4tt:<\/p>\n\n\n\n<p><em>Post: Fagerviksv\u00e4gen 11, 618 92 Kolm\u00e5rden<\/em><br><em>Tel: 0768-106300, e-post: info@gourmetsenap.se<\/em><br>http:\/\/gourmetsenap.se<\/p>\n\n\n\n<h2 class=\"wp-block-heading\">Till\u00e4mpningsomr\u00e5de f\u00f6r denna personuppgiftspolicy<\/h2>\n\n\n\n<p>Denna policy g\u00e4ller f\u00f6r anv\u00e4ndare som bes\u00f6ker och\/eller handlar n\u00e5got p\u00e5 hemsidan https:\/\/www.gourmetsenap.se.<\/p>\n\n\n\n<p>Personuppgifter \u00e4r information som enskilt eller i kombination med andra uppgifter kan anv\u00e4ndas f\u00f6r att identifiera dig som anv\u00e4ndare som en fysisk nu levande person. Det kan t ex vara ditt namn, din e-postadress eller ditt telefonnummer.<\/p>\n\n\n\n<h2 class=\"wp-block-heading\">Hur vi anv\u00e4nder dina personuppgifter<\/h2>\n\n\n\n<p>Dina personuppgifter anv\u00e4nds f\u00f6r att fullf\u00f6lja v\u00e5ra \u00e5taganden mot dig som bes\u00f6ker v\u00e5r webbshop, f\u00f6r att vi ska kunna leverera det du best\u00e4llt och f\u00f6r att vi ska kunna n\u00e5 dig i samband med din best\u00e4llning, samt vid eventuella marknadsf\u00f6ringstillf\u00e4llen n\u00e4r vi har erbjudanden eller andra nyheter som vi tror att du kan vara intresserad av.<\/p>\n\n\n\n<h2 class=\"wp-block-heading\">S\u00e4kerhet<\/h2>\n\n\n\n<p>Dina personuppgifter lagras i v\u00e5r webbshop som endast \u00e4r \u00e5tkomlig f\u00f6r \u00d6GSABs webbadministrat\u00f6r med anv\u00e4ndarnamn och l\u00f6senord.<\/p>\n\n\n\n<p>Vid anmodan tar vi naturligtvis bort dina uppgifter.<\/p>\n\n\n\n<h2 class=\"wp-block-heading\">\u00c4ndringar i personuppgiftspolicyn<\/h2>\n\n\n\n<p>Vid \u00e4ndringar i denna policy publiceras dessa i den h\u00e4r artikeln p\u00e5 hemsidan.<\/p>\n","protected":false},"excerpt":{"rendered":"<p>Vilka \u00e4r vi I denna policy kallas \u00d6stg\u00f6ta Gourmetsenap AB, Orgnr: 559043-2000 f\u00f6r\u00a0\u00d6GSAB\u00a0och \u00e4r personuppgiftsansvarig medan du eller ditt f\u00f6retag kallas f\u00f6r\u00a0anv\u00e4ndaren\u00a0eller\u00a0kunden.\u00a0 \u00d6GSAB ansvarar f\u00f6r samtliga uppgifter som du l\u00e4mnar i kontakt med oss vilket kan vara p\u00e5 hemsidan, via telefon, epost, chat eller annat s\u00e4tt. Vi g\u00e5r att n\u00e5 p\u00e5 f\u00f6ljande s\u00e4tt: Post: Fagerviksv\u00e4gen [&hellip;]<\/p>\n","protected":false},"author":1,"featured_media":0,"parent":72,"menu_order":10,"comment_status":"closed","ping_status":"open","template":"","meta":{"footnotes":""},"class_list":["post-3","page","type-page","status-publish","hentry"],"jetpack_sharing_enabled":true,"_links":{"self":[{"href":"https:\/\/gourmetsenap.se\/shop\/wp-json\/wp\/v2\/pages\/3","targetHints":{"allow":["GET"]}}],"collection":[{"href":"https:\/\/gourmetsenap.se\/shop\/wp-json\/wp\/v2\/pages"}],"about":[{"href":"https:\/\/gourmetsenap.se\/shop\/wp-json\/wp\/v2\/types\/page"}],"author":[{"embeddable":true,"href":"https:\/\/gourmetsenap.se\/shop\/wp-json\/wp\/v2\/users\/1"}],"replies":[{"embeddable":true,"href":"https:\/\/gourmetsenap.se\/shop\/wp-json\/wp\/v2\/comments?post=3"}],"version-history":[{"count":4,"href":"https:\/\/gourmetsenap.se\/shop\/wp-json\/wp\/v2\/pages\/3\/revisions"}],"predecessor-version":[{"id":2526,"href":"https:\/\/gourmetsenap.se\/shop\/wp-json\/wp\/v2\/pages\/3\/revisions\/2526"}],"up":[{"embeddable":true,"href":"https:\/\/gourmetsenap.se\/shop\/wp-json\/wp\/v2\/pages\/72"}],"wp:attachment":[{"href":"https:\/\/gourmetsenap.se\/shop\/wp-json\/wp\/v2\/media?parent=3"}],"curies":[{"name":"wp","href":"https:\/\/api.w.org\/{rel}","templated":true}]}}